{"id":3280,"date":"2023-02-10T09:29:29","date_gmt":"2023-02-10T09:29:29","guid":{"rendered":"https:\/\/tarragona.escolateresiana.com\/guarderia\/"},"modified":"2024-03-19T10:20:21","modified_gmt":"2024-03-19T10:20:21","slug":"guarderia","status":"publish","type":"page","link":"https:\/\/tarragona.escolateresiana.com\/es\/guarderia\/","title":{"rendered":"Guarder\u00eda"},"content":{"rendered":"<p>[vc_row css_animation=\u00bb\u00bb row_type=\u00bbrow\u00bb use_row_as_full_screen_section=\u00bbno\u00bb type=\u00bbfull_width\u00bb angled_section=\u00bbno\u00bb text_align=\u00bbleft\u00bb background_image_as_pattern=\u00bbwithout_pattern\u00bb][vc_column][qode_elements_holder number_of_columns=\u00bbtwo_columns\u00bb][qode_elements_holder_item advanced_animations=\u00bbno\u00bb][vc_single_image image=\u00bb3014&#8243; img_size=\u00bbfull\u00bb qode_css_animation=\u00bb\u00bb][\/qode_elements_holder_item][qode_elements_holder_item cover=\u00bbyes\u00bb advanced_animations=\u00bbno\u00bb item_padding=\u00bb0px 30px 0px 30px\u00bb background_image=\u00bb704&#8243;][vc_column_text]<\/p>\n<h2><span style=\"color: #45ac34;\">Guarder\u00eda<\/span><\/h2>\n<p>&nbsp;<\/p>\n<h4><strong>La puerta de entrada a la escuela<\/strong><\/h4>\n<p>&nbsp;<\/p>\n<p>En nuestra guarder\u00eda proporcionamos un ambiente estable, familiar y estimulante para favorecer el desarrollo arm\u00f3nico del ni\u00f1o. Fomentamos la autoestima, la autonom\u00eda y la sociabilizaci\u00f3n, con el fin de que se encuentre bien acogido y se sienta seguro y feliz.<\/p>\n<p>&nbsp;<\/p>\n<p>Entendemos el juego como herramienta de aprendizaje, trabajamos la adquisici\u00f3n de h\u00e1bitos y valores, potenciamos las actividades de descubrimiento, experimentaci\u00f3n y manipulaci\u00f3n, valoramos la imaginaci\u00f3n y la creatividad, despertamos el gusto por la m\u00fasica, los cuentos y el teatro, y vivimos las fiestas populares y tradicionales.<\/p>\n<p>&nbsp;<\/p>\n<p>Creemos en una educaci\u00f3n activa y respetuosa.[\/vc_column_text][\/qode_elements_holder_item][\/qode_elements_holder][\/vc_column][\/vc_row][vc_row css_animation=\u00bb\u00bb row_type=\u00bbrow\u00bb use_row_as_full_screen_section=\u00bbno\u00bb type=\u00bbfull_width\u00bb angled_section=\u00bbno\u00bb text_align=\u00bbleft\u00bb background_image_as_pattern=\u00bbwithout_pattern\u00bb][vc_column][vc_empty_space height=\u00bb90px\u00bb][\/vc_column][\/vc_row][vc_row css_animation=\u00bb\u00bb row_type=\u00bbrow\u00bb use_row_as_full_screen_section=\u00bbno\u00bb type=\u00bbgrid\u00bb angled_section=\u00bbno\u00bb text_align=\u00bbleft\u00bb background_image_as_pattern=\u00bbwithout_pattern\u00bb z_index=\u00bb\u00bb][vc_column css_animation=\u00bbfadeIn\u00bb width=\u00bb1\/2&#8243; css=\u00bb.vc_custom_1673357369377{padding-top: 30px !important;padding-right: 30px !important;padding-bottom: 30px !important;padding-left: 30px !important;background-color: #cdeff2 !important;}\u00bb]<div class=\"qode-accordion-holder clearfix qode-toggle qode-initial \">\n\t<h4 class=\"clearfix qode-title-holder\">\n<span class=\"qode-tab-title\">\n\t    <span class=\"qode-tab-title-inner\">\n        DESARROLLO MOTRIZ    <\/span>\n<\/span>\n<span class=\"qode-accordion-mark\">\n    <span class=\"qode-accordion-mark-icon\">\n        <span class=\"icon_plus\"><\/span>\n        <span class=\"icon_minus-06\"><\/span>\n    <\/span>\n<\/span>\n<\/h4>\n<div  class=\"qode-accordion-content \" >\n    <div class=\"qode-accordion-content-inner\">\n        [vc_column_text]En las sesiones de psicomotricidad favorecemos el desarrollo motriz, cognitivo, sensorial, comunicativo y afectivo mediante el juego y el movimiento.[\/vc_column_text][vc_empty_space][vc_single_image image=\u00bb2898&#8243; img_size=\u00bbfull\u00bb qode_css_animation=\u00bb\u00bb]    <\/div>\n<\/div><h4 class=\"clearfix qode-title-holder\">\n<span class=\"qode-tab-title\">\n\t    <span class=\"qode-tab-title-inner\">\n        EL JUEGO HEUR\u00cdSTICO    <\/span>\n<\/span>\n<span class=\"qode-accordion-mark\">\n    <span class=\"qode-accordion-mark-icon\">\n        <span class=\"icon_plus\"><\/span>\n        <span class=\"icon_minus-06\"><\/span>\n    <\/span>\n<\/span>\n<\/h4>\n<div  class=\"qode-accordion-content \" >\n    <div class=\"qode-accordion-content-inner\">\n        [vc_column_text]Favorecemos la exploraci\u00f3n y el descubrimiento de objetos y materiales y la relaci\u00f3n entre ellos de forma imaginativa y creativa. [\/vc_column_text][vc_empty_space][vc_single_image image=\u00bb2899&#8243; img_size=\u00bbfull\u00bb qode_css_animation=\u00bb\u00bb]    <\/div>\n<\/div><h4 class=\"clearfix qode-title-holder\">\n<span class=\"qode-tab-title\">\n\t    <span class=\"qode-tab-title-inner\">\n        LA PANERA DE LOS TESOROS    <\/span>\n<\/span>\n<span class=\"qode-accordion-mark\">\n    <span class=\"qode-accordion-mark-icon\">\n        <span class=\"icon_plus\"><\/span>\n        <span class=\"icon_minus-06\"><\/span>\n    <\/span>\n<\/span>\n<\/h4>\n<div  class=\"qode-accordion-content \" >\n    <div class=\"qode-accordion-content-inner\">\n        [vc_column_text]Ayudamos a manipular y explorar los diferentes materiales del entorno m\u00e1s inmediato y a descubrir sus caracter\u00edsticas a trav\u00e9s de los sentidos.[\/vc_column_text][vc_empty_space][vc_single_image image=\u00bb2901&#8243; img_size=\u00bbfull\u00bb qode_css_animation=\u00bb\u00bb]    <\/div>\n<\/div><h4 class=\"clearfix qode-title-holder\">\n<span class=\"qode-tab-title\">\n\t    <span class=\"qode-tab-title-inner\">\n        BANDEJAS DE EXPERIMENTACI\u00d3N    <\/span>\n<\/span>\n<span class=\"qode-accordion-mark\">\n    <span class=\"qode-accordion-mark-icon\">\n        <span class=\"icon_plus\"><\/span>\n        <span class=\"icon_minus-06\"><\/span>\n    <\/span>\n<\/span>\n<\/h4>\n<div  class=\"qode-accordion-content \" >\n    <div class=\"qode-accordion-content-inner\">\n        [vc_column_text]Exploramos a partir de la manipulaci\u00f3n de materiales de la naturaleza que proporcionan diferentes sensaciones, a la vez que desarrollamos la concentraci\u00f3n y la curiosidad.[\/vc_column_text][vc_empty_space][vc_single_image image=\u00bb2900&#8243; img_size=\u00bbfull\u00bb qode_css_animation=\u00bb\u00bb]    <\/div>\n<\/div><h4 class=\"clearfix qode-title-holder\">\n<span class=\"qode-tab-title\">\n\t    <span class=\"qode-tab-title-inner\">\n        LAS CAJAS M\u00c1GICAS    <\/span>\n<\/span>\n<span class=\"qode-accordion-mark\">\n    <span class=\"qode-accordion-mark-icon\">\n        <span class=\"icon_plus\"><\/span>\n        <span class=\"icon_minus-06\"><\/span>\n    <\/span>\n<\/span>\n<\/h4>\n<div  class=\"qode-accordion-content \" >\n    <div class=\"qode-accordion-content-inner\">\n        [vc_column_text]Despertamos la curiosidad y desarrollamos la capacidad para observar, memorizar y reconocer las peque\u00f1as sorpresas escondidas dentro de cada caja m\u00e1gica.[\/vc_column_text]    <\/div>\n<\/div><h4 class=\"clearfix qode-title-holder\">\n<span class=\"qode-tab-title\">\n\t    <span class=\"qode-tab-title-inner\">\n        MESA DE LUCES    <\/span>\n<\/span>\n<span class=\"qode-accordion-mark\">\n    <span class=\"qode-accordion-mark-icon\">\n        <span class=\"icon_plus\"><\/span>\n        <span class=\"icon_minus-06\"><\/span>\n    <\/span>\n<\/span>\n<\/h4>\n<div  class=\"qode-accordion-content \" >\n    <div class=\"qode-accordion-content-inner\">\n        [vc_column_text]Interaccionamos con la luz, el color y sus efectos mediante el juego sensorial, manipulativo y art\u00edstico. [\/vc_column_text][vc_empty_space][vc_single_image image=\u00bb2905&#8243; img_size=\u00bbfull\u00bb qode_css_animation=\u00bb\u00bb]    <\/div>\n<\/div><h4 class=\"clearfix qode-title-holder\">\n<span class=\"qode-tab-title\">\n\t    <span class=\"qode-tab-title-inner\">\n        EL RINC\u00d3N DEL ARTE    <\/span>\n<\/span>\n<span class=\"qode-accordion-mark\">\n    <span class=\"qode-accordion-mark-icon\">\n        <span class=\"icon_plus\"><\/span>\n        <span class=\"icon_minus-06\"><\/span>\n    <\/span>\n<\/span>\n<\/h4>\n<div  class=\"qode-accordion-content \" >\n    <div class=\"qode-accordion-content-inner\">\n        [vc_column_text]Abrimos la mirada y los sentidos conociendo diferentes formas de expresi\u00f3n pict\u00f3rica.[\/vc_column_text][vc_empty_space][vc_single_image image=\u00bb2906&#8243; img_size=\u00bbfull\u00bb qode_css_animation=\u00bb\u00bb]    <\/div>\n<\/div><h4 class=\"clearfix qode-title-holder\">\n<span class=\"qode-tab-title\">\n\t    <span class=\"qode-tab-title-inner\">\n        BITS DE INTELIGENCIA    <\/span>\n<\/span>\n<span class=\"qode-accordion-mark\">\n    <span class=\"qode-accordion-mark-icon\">\n        <span class=\"icon_plus\"><\/span>\n        <span class=\"icon_minus-06\"><\/span>\n    <\/span>\n<\/span>\n<\/h4>\n<div  class=\"qode-accordion-content \" >\n    <div class=\"qode-accordion-content-inner\">\n        [vc_column_text]Ayudamos al ni\u00f1o a aumentar su vocabulario a partir de fotograf\u00edas, dibujos o ilustraciones.[\/vc_column_text]    <\/div>\n<\/div><h4 class=\"clearfix qode-title-holder\">\n<span class=\"qode-tab-title\">\n\t    <span class=\"qode-tab-title-inner\">\n        JUEGO SIMB\u00d3LICO    <\/span>\n<\/span>\n<span class=\"qode-accordion-mark\">\n    <span class=\"qode-accordion-mark-icon\">\n        <span class=\"icon_plus\"><\/span>\n        <span class=\"icon_minus-06\"><\/span>\n    <\/span>\n<\/span>\n<\/h4>\n<div  class=\"qode-accordion-content \" >\n    <div class=\"qode-accordion-content-inner\">\n        [vc_column_text]Potenciamos el juego como herramienta de aprendizaje y crecimiento, proyectando las propias vivencias a trav\u00e9s de la actividad l\u00fadica. [\/vc_column_text][vc_empty_space][vc_single_image image=\u00bb2902&#8243; img_size=\u00bbfull\u00bb qode_css_animation=\u00bb\u00bb]    <\/div>\n<\/div><\/div>[\/vc_column][vc_column css_animation=\u00bbfadeIn\u00bb width=\u00bb1\/2&#8243; css=\u00bb.vc_custom_1673357373559{padding-top: 30px !important;padding-right: 30px !important;padding-bottom: 30px !important;padding-left: 30px !important;background-color: #f2cc74 !important;}\u00bb]<div class=\"qode-accordion-holder clearfix qode-toggle qode-initial \">\n\t<h4 class=\"clearfix qode-title-holder\">\n<span class=\"qode-tab-title\">\n\t    <span class=\"qode-tab-title-inner\">\n        ATENCI\u00d3N A LA DIVERSIDAD    <\/span>\n<\/span>\n<span class=\"qode-accordion-mark\">\n    <span class=\"qode-accordion-mark-icon\">\n        <span class=\"icon_plus\"><\/span>\n        <span class=\"icon_minus-06\"><\/span>\n    <\/span>\n<\/span>\n<\/h4>\n<div  class=\"qode-accordion-content \" >\n    <div class=\"qode-accordion-content-inner\">\n        [vc_column_text]La diversidad es riqueza. Atendemos de forma personalizada las necesidades de nuestros ni\u00f1os y ni\u00f1as para conseguir el m\u00e1ximo desarrollo de sus capacidades. [\/vc_column_text]    <\/div>\n<\/div><h4 class=\"clearfix qode-title-holder\">\n<span class=\"qode-tab-title\">\n\t    <span class=\"qode-tab-title-inner\">\n        EDUCACI\u00d3N EMOCIONAL    <\/span>\n<\/span>\n<span class=\"qode-accordion-mark\">\n    <span class=\"qode-accordion-mark-icon\">\n        <span class=\"icon_plus\"><\/span>\n        <span class=\"icon_minus-06\"><\/span>\n    <\/span>\n<\/span>\n<\/h4>\n<div  class=\"qode-accordion-content \" >\n    <div class=\"qode-accordion-content-inner\">\n        [vc_column_text]Educamos en positivo y ponemos especial atenci\u00f3n en la educaci\u00f3n emocional de nuestros ni\u00f1os. Es muy importante conocer las propias emociones y las de otros y adquirir herramientas para la resoluci\u00f3n de problemas cotidianos.[\/vc_column_text]    <\/div>\n<\/div><h4 class=\"clearfix qode-title-holder\">\n<span class=\"qode-tab-title\">\n\t    <span class=\"qode-tab-title-inner\">\n        CONOCIMIENTO DEL LENGUAJE    <\/span>\n<\/span>\n<span class=\"qode-accordion-mark\">\n    <span class=\"qode-accordion-mark-icon\">\n        <span class=\"icon_plus\"><\/span>\n        <span class=\"icon_minus-06\"><\/span>\n    <\/span>\n<\/span>\n<\/h4>\n<div  class=\"qode-accordion-content \" >\n    <div class=\"qode-accordion-content-inner\">\n        [vc_column_text]Estimulamos el descubrimiento y el uso del lenguaje a trav\u00e9s de la comunicaci\u00f3n y la expresi\u00f3n con el movimiento, el gesto, el juego y la palabra.[\/vc_column_text][vc_empty_space][vc_single_image image=\u00bb2907&#8243; img_size=\u00bbfull\u00bb qode_css_animation=\u00bb\u00bb]    <\/div>\n<\/div><h4 class=\"clearfix qode-title-holder\">\n<span class=\"qode-tab-title\">\n\t    <span class=\"qode-tab-title-inner\">\n        ESCUELA VERDE    <\/span>\n<\/span>\n<span class=\"qode-accordion-mark\">\n    <span class=\"qode-accordion-mark-icon\">\n        <span class=\"icon_plus\"><\/span>\n        <span class=\"icon_minus-06\"><\/span>\n    <\/span>\n<\/span>\n<\/h4>\n<div  class=\"qode-accordion-content \" >\n    <div class=\"qode-accordion-content-inner\">\n        [vc_column_text]Promovemos procesos de aprendizaje vinculados con la educaci\u00f3n ambiental, impulsando pr\u00e1cticas sostenibles responsables con la conservaci\u00f3n y mejora de nuestro entorno.[\/vc_column_text][vc_empty_space][vc_single_image image=\u00bb2904&#8243; img_size=\u00bbfull\u00bb qode_css_animation=\u00bb\u00bb]    <\/div>\n<\/div><h4 class=\"clearfix qode-title-holder\">\n<span class=\"qode-tab-title\">\n\t    <span class=\"qode-tab-title-inner\">\n        COMPROMETIDOS CON EL MUNDO    <\/span>\n<\/span>\n<span class=\"qode-accordion-mark\">\n    <span class=\"qode-accordion-mark-icon\">\n        <span class=\"icon_plus\"><\/span>\n        <span class=\"icon_minus-06\"><\/span>\n    <\/span>\n<\/span>\n<\/h4>\n<div  class=\"qode-accordion-content \" >\n    <div class=\"qode-accordion-content-inner\">\n        [vc_column_text]Queremos despertarles la sensibilidad por el cuidado del otro y del planeta, y trabajamos la sostenibilidad y la solidaridad para conseguir el compromiso con un mundo mejor (ODS).[\/vc_column_text][vc_empty_space][vc_single_image image=\u00bb2908&#8243; img_size=\u00bbfull\u00bb qode_css_animation=\u00bb\u00bb]    <\/div>\n<\/div><h4 class=\"clearfix qode-title-holder\">\n<span class=\"qode-tab-title\">\n\t    <span class=\"qode-tab-title-inner\">\n        H\u00c1BITOS Y RUTINAS    <\/span>\n<\/span>\n<span class=\"qode-accordion-mark\">\n    <span class=\"qode-accordion-mark-icon\">\n        <span class=\"icon_plus\"><\/span>\n        <span class=\"icon_minus-06\"><\/span>\n    <\/span>\n<\/span>\n<\/h4>\n<div  class=\"qode-accordion-content \" >\n    <div class=\"qode-accordion-content-inner\">\n        [vc_column_text]Trabajamos la adquisici\u00f3n de h\u00e1bitos y rutinas que facilitan la socializaci\u00f3n y el desarrollo de la autonom\u00eda, generando seguridad, confianza y orden.[\/vc_column_text]    <\/div>\n<\/div><h4 class=\"clearfix qode-title-holder\">\n<span class=\"qode-tab-title\">\n\t    <span class=\"qode-tab-title-inner\">\n        INGL\u00c9S    <\/span>\n<\/span>\n<span class=\"qode-accordion-mark\">\n    <span class=\"qode-accordion-mark-icon\">\n        <span class=\"icon_plus\"><\/span>\n        <span class=\"icon_minus-06\"><\/span>\n    <\/span>\n<\/span>\n<\/h4>\n<div  class=\"qode-accordion-content \" >\n    <div class=\"qode-accordion-content-inner\">\n        [vc_column_text]Les ofrecemos un primer contacto con la lengua inglesa a trav\u00e9s de juegos y canciones.[\/vc_column_text]    <\/div>\n<\/div><h4 class=\"clearfix qode-title-holder\">\n<span class=\"qode-tab-title\">\n\t    <span class=\"qode-tab-title-inner\">\n        TRABAJO POR PROYECTOS    <\/span>\n<\/span>\n<span class=\"qode-accordion-mark\">\n    <span class=\"qode-accordion-mark-icon\">\n        <span class=\"icon_plus\"><\/span>\n        <span class=\"icon_minus-06\"><\/span>\n    <\/span>\n<\/span>\n<\/h4>\n<div  class=\"qode-accordion-content \" >\n    <div class=\"qode-accordion-content-inner\">\n        [vc_column_text]Partimos de diferentes situaciones de ense\u00f1anza-aprendizaje y de la curiosidad e inquietudes de los ni\u00f1os para llevar a cabo un trabajo de investigaci\u00f3n interdisciplinar y cooperativo.[\/vc_column_text][vc_empty_space][vc_single_image image=\u00bb2903&#8243; img_size=\u00bbfull\u00bb qode_css_animation=\u00bb\u00bb]    <\/div>\n<\/div><h4 class=\"clearfix qode-title-holder\">\n<span class=\"qode-tab-title\">\n\t    <span class=\"qode-tab-title-inner\">\n        M\u00daSICA    <\/span>\n<\/span>\n<span class=\"qode-accordion-mark\">\n    <span class=\"qode-accordion-mark-icon\">\n        <span class=\"icon_plus\"><\/span>\n        <span class=\"icon_minus-06\"><\/span>\n    <\/span>\n<\/span>\n<\/h4>\n<div  class=\"qode-accordion-content \" >\n    <div class=\"qode-accordion-content-inner\">\n        [vc_column_text]Despertamos el gusto por la m\u00fasica como un elemento m\u00e1s de juego a trav\u00e9s de canciones, de instrumentos musicales y de juegos de relajaci\u00f3n. La utilizamos como recurso ambiental para crear un espacio tranquilo y relajante.[\/vc_column_text]    <\/div>\n<\/div><\/div>[\/vc_column][\/vc_row][vc_row css_animation=\u00bb\u00bb row_type=\u00bbrow\u00bb use_row_as_full_screen_section=\u00bbno\u00bb type=\u00bbfull_width\u00bb angled_section=\u00bbno\u00bb text_align=\u00bbleft\u00bb background_image_as_pattern=\u00bbwithout_pattern\u00bb][vc_column][vc_empty_space height=\u00bb90px\u00bb][\/vc_column][\/vc_row][vc_row css_animation=\u00bb\u00bb row_type=\u00bbrow\u00bb use_row_as_full_screen_section=\u00bbno\u00bb type=\u00bbfull_width\u00bb angled_section=\u00bbno\u00bb text_align=\u00bbleft\u00bb background_image_as_pattern=\u00bbwithout_pattern\u00bb][vc_column][vc_gallery type=\u00bbimage_grid\u00bb images=\u00bb2909,2910,2911&#8243; img_size=\u00bbfull\u00bb column_number=\u00bb3&#8243; grayscale=\u00bbno\u00bb images_space=\u00bbgallery_without_space\u00bb][\/vc_column][\/vc_row]<\/p>\n","protected":false},"excerpt":{"rendered":"<p>[vc_row css_animation=\u00bb\u00bb row_type=\u00bbrow\u00bb use_row_as_full_screen_section=\u00bbno\u00bb type=\u00bbfull_width\u00bb angled_section=\u00bbno\u00bb text_align=\u00bbleft\u00bb background_image_as_pattern=\u00bbwithout_pattern\u00bb][vc_column][qode_elements_holder number_of_columns=\u00bbtwo_columns\u00bb][qode_elements_holder_item advanced_animations=\u00bbno\u00bb][vc_single_image image=\u00bb3014&#8243; img_size=\u00bbfull\u00bb qode_css_animation=\u00bb\u00bb][\/qode_elements_holder_item][qode_elements_holder_item cover=\u00bbyes\u00bb advanced_animations=\u00bbno\u00bb item_padding=\u00bb0px 30px 0px 30px\u00bb background_image=\u00bb704&#8243;][vc_column_text] Guarder\u00eda &nbsp; La puerta de entrada a la escuela &nbsp; En nuestra guarder\u00eda proporcionamos un ambiente estable, familiar y estimulante para favorecer el desarrollo arm\u00f3nico&#8230;<\/p>\n","protected":false},"author":1,"featured_media":0,"parent":0,"menu_order":0,"comment_status":"closed","ping_status":"closed","template":"full_width.php","meta":{"_monsterinsights_skip_tracking":false,"_monsterinsights_sitenote_active":false,"_monsterinsights_sitenote_note":"","_monsterinsights_sitenote_category":0,"footnotes":""},"class_list":["post-3280","page","type-page","status-publish","hentry"],"_links":{"self":[{"href":"https:\/\/tarragona.escolateresiana.com\/es\/wp-json\/wp\/v2\/pages\/3280","targetHints":{"allow":["GET"]}}],"collection":[{"href":"https:\/\/tarragona.escolateresiana.com\/es\/wp-json\/wp\/v2\/pages"}],"about":[{"href":"https:\/\/tarragona.escolateresiana.com\/es\/wp-json\/wp\/v2\/types\/page"}],"author":[{"embeddable":true,"href":"https:\/\/tarragona.escolateresiana.com\/es\/wp-json\/wp\/v2\/users\/1"}],"replies":[{"embeddable":true,"href":"https:\/\/tarragona.escolateresiana.com\/es\/wp-json\/wp\/v2\/comments?post=3280"}],"version-history":[{"count":5,"href":"https:\/\/tarragona.escolateresiana.com\/es\/wp-json\/wp\/v2\/pages\/3280\/revisions"}],"predecessor-version":[{"id":3498,"href":"https:\/\/tarragona.escolateresiana.com\/es\/wp-json\/wp\/v2\/pages\/3280\/revisions\/3498"}],"wp:attachment":[{"href":"https:\/\/tarragona.escolateresiana.com\/es\/wp-json\/wp\/v2\/media?parent=3280"}],"curies":[{"name":"wp","href":"https:\/\/api.w.org\/{rel}","templated":true}]}}