{"id":3205,"date":"2022-11-09T10:13:32","date_gmt":"2022-11-09T10:13:32","guid":{"rendered":"https:\/\/tarragona.escolateresiana.com\/servicios\/"},"modified":"2024-03-20T09:26:58","modified_gmt":"2024-03-20T09:26:58","slug":"servicios","status":"publish","type":"page","link":"https:\/\/tarragona.escolateresiana.com\/es\/servicios\/","title":{"rendered":"Servicios"},"content":{"rendered":"<p>[vc_row css_animation=\u00bb\u00bb row_type=\u00bbrow\u00bb use_row_as_full_screen_section=\u00bbno\u00bb type=\u00bbfull_width\u00bb angled_section=\u00bbno\u00bb text_align=\u00bbleft\u00bb background_image_as_pattern=\u00bbwithout_pattern\u00bb z_index=\u00bb\u00bb anchor=\u00bbCOMEDOR\u00bb][vc_column][vc_empty_space height=\u00bb50px\u00bb][\/vc_column][\/vc_row][vc_row css_animation=\u00bb\u00bb row_type=\u00bbrow\u00bb use_row_as_full_screen_section=\u00bbno\u00bb type=\u00bbgrid\u00bb angled_section=\u00bbno\u00bb text_align=\u00bbleft\u00bb background_image_as_pattern=\u00bbwithout_pattern\u00bb z_index=\u00bb\u00bb][vc_column width=\u00bb1\/3&#8243;][vc_hoverbox image=\u00bb3437&#8243; primary_title=\u00bb\u00bb hover_title=\u00bb\u00bb shape=\u00bbsquare\u00bb]<span style=\"color: #000000; font-size: 14px;\">El comedor es una parte m\u00e1s del proyecto educativo de nuestro centro. Aporta salud, fomenta criterios de consumo aprendizaje de habilidades sociales, y es una realidad socializadora. Contamos con cocina propia.<\/span>[\/vc_hoverbox][\/vc_column][vc_column width=\u00bb1\/3&#8243;][vc_hoverbox image=\u00bb3435&#8243; primary_title=\u00bb\u00bb hover_title=\u00bb\u00bb shape=\u00bbsquare\u00bb]<span style=\"color: #000000; font-size: 14px;\">Dirigido a las familias de la Guarder\u00eda, Educaci\u00f3n Infantil y Educaci\u00f3n Primaria que necesitan que sus hijos e hijas est\u00e9n atendidos en el centro antes y despu\u00e9s del horario lectivo. Durante estos tiempos est\u00e1n supervisados por monitores especializados y realizan diferentes actividades.<br \/>\n<\/span>[\/vc_hoverbox][\/vc_column][vc_column width=\u00bb1\/3&#8243;][vc_hoverbox image=\u00bb3441&#8243; primary_title=\u00bb\u00bb hover_title=\u00bb\u00bb shape=\u00bbsquare\u00bb]<span style=\"color: #000000; font-size: 14px;\">Se realizan tareas de evaluaci\u00f3n, atenci\u00f3n y seguimiento psicol\u00f3gico del alumnado, asesoramiento psicoeducativo al profesorado y las familias, y orientaci\u00f3n y asesoramiento vocacional y profesional. <\/span>[\/vc_hoverbox][\/vc_column][\/vc_row][vc_row css_animation=\u00bb\u00bb row_type=\u00bbrow\u00bb use_row_as_full_screen_section=\u00bbno\u00bb type=\u00bbfull_width\u00bb angled_section=\u00bbno\u00bb text_align=\u00bbleft\u00bb background_image_as_pattern=\u00bbwithout_pattern\u00bb z_index=\u00bb\u00bb anchor=\u00bbVENTA\u00bb][vc_column][vc_empty_space height=\u00bb50px\u00bb][\/vc_column][\/vc_row][vc_row css_animation=\u00bb\u00bb row_type=\u00bbrow\u00bb use_row_as_full_screen_section=\u00bbno\u00bb type=\u00bbgrid\u00bb angled_section=\u00bbno\u00bb text_align=\u00bbleft\u00bb background_image_as_pattern=\u00bbwithout_pattern\u00bb z_index=\u00bb\u00bb][vc_column width=\u00bb1\/3&#8243;][vc_hoverbox image=\u00bb3447&#8243; primary_title=\u00bb\u00bb hover_title=\u00bb\u00bb shape=\u00bbsquare\u00bb]<span style=\"color: #000000; font-size: 14px;\">Nuestro alumnado desde la guarder\u00eda hasta 2\u00ba de la ESO lleva uniforme. Disponemos de una tienda virtual donde se pueden adquirir todas las prendas necesarias. TIENDA ( <a href=\"https:\/\/tienda.austral.es\/teresianas-tarragona\/index.php\">link https:\/\/tienda.austral.es\/teresianas-tarragona\/index.php<\/a> ) <\/span>[\/vc_hoverbox][\/vc_column][vc_column width=\u00bb1\/3&#8243;][vc_hoverbox image=\u00bb3445&#8243; primary_title=\u00bb\u00bb hover_title=\u00bb\u00bb shape=\u00bbsquare\u00bb]<span style=\"color: #000000; font-size: 14px;\">Las familias que lo deseen pueden comprar los libros en el mismo centro. <\/span>[\/vc_hoverbox][\/vc_column][vc_column width=\u00bb1\/3&#8243;][vc_hoverbox image=\u00bb3443&#8243; primary_title=\u00bb\u00bb hover_title=\u00bb\u00bb shape=\u00bbsquare\u00bb]<span style=\"color: #000000; font-size: 14px;\">El servicio de secretar\u00eda de la escuela realiza tareas relacionadas con la preinscripci\u00f3n, la matriculaci\u00f3n y los aspectos acad\u00e9micos. El servicio de administraci\u00f3n realiza tareas relacionadas con el funcionamiento y la gesti\u00f3n econ\u00f3mica del centro.<\/span>[\/vc_hoverbox][\/vc_column][\/vc_row][vc_row css_animation=\u00bb\u00bb row_type=\u00bbrow\u00bb use_row_as_full_screen_section=\u00bbno\u00bb type=\u00bbfull_width\u00bb angled_section=\u00bbno\u00bb text_align=\u00bbleft\u00bb background_image_as_pattern=\u00bbwithout_pattern\u00bb][vc_column][vc_empty_space height=\u00bb50px\u00bb][\/vc_column][\/vc_row]<\/p>\n","protected":false},"excerpt":{"rendered":"<p>[vc_row css_animation=\u00bb\u00bb row_type=\u00bbrow\u00bb use_row_as_full_screen_section=\u00bbno\u00bb type=\u00bbfull_width\u00bb angled_section=\u00bbno\u00bb text_align=\u00bbleft\u00bb background_image_as_pattern=\u00bbwithout_pattern\u00bb z_index=\u00bb\u00bb anchor=\u00bbCOMEDOR\u00bb][vc_column][vc_empty_space height=\u00bb50px\u00bb][\/vc_column][\/vc_row][vc_row css_animation=\u00bb\u00bb row_type=\u00bbrow\u00bb use_row_as_full_screen_section=\u00bbno\u00bb type=\u00bbgrid\u00bb angled_section=\u00bbno\u00bb text_align=\u00bbleft\u00bb background_image_as_pattern=\u00bbwithout_pattern\u00bb z_index=\u00bb\u00bb][vc_column width=\u00bb1\/3&#8243;][vc_hoverbox image=\u00bb3437&#8243; primary_title=\u00bb\u00bb hover_title=\u00bb\u00bb shape=\u00bbsquare\u00bb]El comedor es una parte m\u00e1s del proyecto educativo de nuestro centro. Aporta salud, fomenta criterios de consumo aprendizaje de habilidades sociales,&#8230;<\/p>\n","protected":false},"author":1,"featured_media":0,"parent":0,"menu_order":0,"comment_status":"closed","ping_status":"closed","template":"full_width.php","meta":{"_monsterinsights_skip_tracking":false,"_monsterinsights_sitenote_active":false,"_monsterinsights_sitenote_note":"","_monsterinsights_sitenote_category":0,"footnotes":""},"class_list":["post-3205","page","type-page","status-publish","hentry"],"_links":{"self":[{"href":"https:\/\/tarragona.escolateresiana.com\/es\/wp-json\/wp\/v2\/pages\/3205","targetHints":{"allow":["GET"]}}],"collection":[{"href":"https:\/\/tarragona.escolateresiana.com\/es\/wp-json\/wp\/v2\/pages"}],"about":[{"href":"https:\/\/tarragona.escolateresiana.com\/es\/wp-json\/wp\/v2\/types\/page"}],"author":[{"embeddable":true,"href":"https:\/\/tarragona.escolateresiana.com\/es\/wp-json\/wp\/v2\/users\/1"}],"replies":[{"embeddable":true,"href":"https:\/\/tarragona.escolateresiana.com\/es\/wp-json\/wp\/v2\/comments?post=3205"}],"version-history":[{"count":6,"href":"https:\/\/tarragona.escolateresiana.com\/es\/wp-json\/wp\/v2\/pages\/3205\/revisions"}],"predecessor-version":[{"id":3527,"href":"https:\/\/tarragona.escolateresiana.com\/es\/wp-json\/wp\/v2\/pages\/3205\/revisions\/3527"}],"wp:attachment":[{"href":"https:\/\/tarragona.escolateresiana.com\/es\/wp-json\/wp\/v2\/media?parent=3205"}],"curies":[{"name":"wp","href":"https:\/\/api.w.org\/{rel}","templated":true}]}}