{"id":3179,"date":"2022-11-09T08:42:28","date_gmt":"2022-11-09T08:42:28","guid":{"rendered":"https:\/\/tarragona.escolateresiana.com\/herramientas-tecnologicas\/"},"modified":"2024-03-20T09:22:07","modified_gmt":"2024-03-20T09:22:07","slug":"herramientas-tecnologicas","status":"publish","type":"page","link":"https:\/\/tarragona.escolateresiana.com\/es\/herramientas-tecnologicas\/","title":{"rendered":"Herramientas tecnol\u00f3gicas"},"content":{"rendered":"<p>[vc_row css_animation=\u00bb\u00bb row_type=\u00bbrow\u00bb use_row_as_full_screen_section=\u00bbno\u00bb type=\u00bbfull_width\u00bb angled_section=\u00bbno\u00bb text_align=\u00bbleft\u00bb background_image_as_pattern=\u00bbwithout_pattern\u00bb css=\u00bb.vc_custom_1669019966897{background-color: #ffffff !important;}\u00bb z_index=\u00bb\u00bb][vc_column][qode_elements_holder number_of_columns=\u00bbtwo_columns\u00bb][qode_elements_holder_item advanced_animations=\u00bbno\u00bb][vc_single_image image=\u00bb2851&#8243; img_size=\u00bbfull\u00bb qode_css_animation=\u00bb\u00bb][\/qode_elements_holder_item][qode_elements_holder_item advanced_animations=\u00bbno\u00bb item_padding=\u00bb0px 30px 0px 30px\u00bb][vc_column_text]<\/p>\n<div>\n<h2><\/h2>\n<h4><span style=\"font-weight: 400;\">TECNOLOG\u00cdAS DEL APRENDIZAJE Y EL CONOCIMIENTO<\/span><\/h4>\n<p>&nbsp;<\/p>\n<p>Ponemos las tecnolog\u00edas al servicio de los procesos de ense\u00f1anza-aprendizaje. Queremos que nuestro alumnado desarrolle las habilidades necesarias para adquirir una buena competencia digital para afrontar su futuro.<\/p>\n<p>&nbsp;<\/p>\n<p>Estas tecnolog\u00edas flexibilizan, personalizan y mejoran la accesibilidad en el \u00e1mbito educativo, fomentando el trabajo en equipo, las relaciones sociales y la responsabilidad.<\/p>\n<\/div>\n<div><\/div>\n<div><\/div>\n<div>\n<h2><span style=\"font-weight: 400;\"><span lang=\"es\"><img loading=\"lazy\" decoding=\"async\" class=\"size-full wp-image-1298 alignleft\" src=\"https:\/\/tarragona.escolateresiana.com\/wp-content\/uploads\/2022\/11\/educacion-digital.jpg\" alt=\"\" width=\"251\" height=\"89\" \/><\/span><\/span><\/h2>\n<\/div>\n<p>[\/vc_column_text][\/qode_elements_holder_item][\/qode_elements_holder][\/vc_column][\/vc_row][vc_row css_animation=\u00bb\u00bb row_type=\u00bbrow\u00bb use_row_as_full_screen_section=\u00bbno\u00bb type=\u00bbfull_width\u00bb angled_section=\u00bbno\u00bb text_align=\u00bbleft\u00bb background_image_as_pattern=\u00bbwithout_pattern\u00bb z_index=\u00bb\u00bb css=\u00bb.vc_custom_1673432544889{background-image: url(https:\/\/tarragona.escolateresiana.com\/wp-content\/uploads\/2022\/05\/fondo.png?id=704) !important;}\u00bb padding_bottom=\u00bb60&#8243;][vc_column][vc_empty_space height=\u00bb80px\u00bb][vc_row_inner row_type=\u00bbrow\u00bb type=\u00bbgrid\u00bb text_align=\u00bbleft\u00bb css_animation=\u00bbelement_from_top\u00bb][vc_column_inner width=\u00bb1\/2&#8243;]<div class=\"q_box_holder with_icon\" style=\"background-color: rgba(255,255,255,0.6);\"><div class=\"box_holder_icon\"><div class=\"box_holder_icon_inner very_large image \" style=\"\"><img decoding=\"async\" itemprop=\"image\" style=\"\" src=\"https:\/\/tarragona.escolateresiana.com\/wp-content\/uploads\/2022\/11\/22.png\" alt=\"\"><\/div><\/div><div class=\"box_holder_inner very_large center\"><h3 class=\"icon_title\" style=\"color: #45ac34;\">COMPETENCIA DIGITAL<\/h3><span class=\"separator transparent\" style=\"margin: 8px 0;\"><\/span><p style=\"\">La competencia digital es imprescindible para nuestros alumnos porque les permite desarrollar habilidades para hacer uso de la tecnolog\u00eda de una manera c\u00edvica y cr\u00edtica, participar activamente en la sociedad digital, acceder a recursos educativos<i> online<\/i> y prepararse para el mundo laboral de una era que cada vez es m\u00e1s tecnol\u00f3gica.<\/p><\/div><\/div>[\/vc_column_inner][vc_column_inner width=\u00bb1\/2&#8243;]<div class=\"q_box_holder with_icon\" style=\"background-color: rgba(255,255,255,0.6);\"><div class=\"box_holder_icon\"><div class=\"box_holder_icon_inner very_large image \" style=\"\"><img decoding=\"async\" itemprop=\"image\" style=\"\" src=\"https:\/\/tarragona.escolateresiana.com\/wp-content\/uploads\/2022\/11\/11.png\" alt=\"\"><\/div><\/div><div class=\"box_holder_inner very_large center\"><h3 class=\"icon_title\" style=\"color: #45ac34;\">STEM (Science, Technology, Engineering and Mathematics)<\/h3><span class=\"separator transparent\" style=\"margin: 8px 0;\"><\/span><p style=\"\">Introducimos en el aula la tecnolog\u00eda y las ciencias de una forma manipulativa y pr\u00e1ctica, estimulando su curiosidad y suscitando el pensamiento computacional, innovador, cr\u00edtico y creativo con herramientas atractivas y motivadoras.<\/p><\/div><\/div>[\/vc_column_inner][\/vc_row_inner][vc_empty_space height=\u00bb80px\u00bb][vc_row_inner row_type=\u00bbrow\u00bb type=\u00bbgrid\u00bb text_align=\u00bbleft\u00bb css_animation=\u00bbelement_from_bottom\u00bb][vc_column_inner width=\u00bb1\/2&#8243;]<div class=\"q_box_holder with_icon\" style=\"background-color: rgba(255,255,255,0.6);\"><div class=\"box_holder_icon\"><div class=\"box_holder_icon_inner very_large image \" style=\"\"><img decoding=\"async\" itemprop=\"image\" style=\"\" src=\"https:\/\/tarragona.escolateresiana.com\/wp-content\/uploads\/2022\/11\/33.png\" alt=\"\"><\/div><\/div><div class=\"box_holder_inner very_large center\"><h3 class=\"icon_title\" style=\"color: #45ac34;\">EQUIPAMIENTO<\/h3><span class=\"separator transparent\" style=\"margin: 8px 0;\"><\/span><p style=\"\">Todas nuestras aulas est\u00e1n equipadas con pizarras digitales o pantallas, proyectores y ordenadores. Adem\u00e1s contamos con dispositivos para uso personal de la comunidad educativa.<\/p><\/div><\/div>[\/vc_column_inner][vc_column_inner width=\u00bb1\/2&#8243;]<div class=\"q_box_holder with_icon\" style=\"background-color: rgba(255,255,255,0.6);\"><div class=\"box_holder_icon\"><div class=\"box_holder_icon_inner very_large image \" style=\"\"><img decoding=\"async\" itemprop=\"image\" style=\"\" src=\"https:\/\/tarragona.escolateresiana.com\/wp-content\/uploads\/2022\/11\/44.png\" alt=\"\"><\/div><\/div><div class=\"box_holder_inner very_large center\"><h3 class=\"icon_title\" style=\"color: #45ac34;\">RESPONSABILIDAD DIGITAL<\/h3><span class=\"separator transparent\" style=\"margin: 8px 0;\"><\/span><p style=\"\">Formamos a nuestro alumnado y profesorado en el uso seguro y responsable de internet y en el uso adecuado de las herramientas digitales. Asimismo, educamos en valores para saber interactuar en el mundo digital siguiendo unos principios \u00e9ticos.<\/p><\/div><\/div>[\/vc_column_inner][\/vc_row_inner][vc_empty_space height=\u00bb50px\u00bb][\/vc_column][\/vc_row][vc_row css_animation=\u00bb\u00bb row_type=\u00bbrow\u00bb use_row_as_full_screen_section=\u00bbno\u00bb type=\u00bbfull_width\u00bb angled_section=\u00bbno\u00bb text_align=\u00bbleft\u00bb background_image_as_pattern=\u00bbwithout_pattern\u00bb][vc_column][vc_gallery type=\u00bbimage_grid\u00bb images=\u00bb3048,3049,3050,3051&#8243; img_size=\u00bbfull\u00bb column_number=\u00bb4&#8243; grayscale=\u00bbno\u00bb images_space=\u00bbgallery_without_space\u00bb][\/vc_column][\/vc_row]<\/p>\n","protected":false},"excerpt":{"rendered":"<p>[vc_row css_animation=\u00bb\u00bb row_type=\u00bbrow\u00bb use_row_as_full_screen_section=\u00bbno\u00bb type=\u00bbfull_width\u00bb angled_section=\u00bbno\u00bb text_align=\u00bbleft\u00bb background_image_as_pattern=\u00bbwithout_pattern\u00bb css=\u00bb.vc_custom_1669019966897{background-color: #ffffff !important;}\u00bb z_index=\u00bb\u00bb][vc_column][qode_elements_holder number_of_columns=\u00bbtwo_columns\u00bb][qode_elements_holder_item advanced_animations=\u00bbno\u00bb][vc_single_image image=\u00bb2851&#8243; img_size=\u00bbfull\u00bb qode_css_animation=\u00bb\u00bb][\/qode_elements_holder_item][qode_elements_holder_item advanced_animations=\u00bbno\u00bb item_padding=\u00bb0px 30px 0px 30px\u00bb][vc_column_text] TECNOLOG\u00cdAS DEL APRENDIZAJE Y EL CONOCIMIENTO &nbsp; Ponemos las tecnolog\u00edas al servicio de los procesos de ense\u00f1anza-aprendizaje. Queremos que nuestro alumnado desarrolle las&#8230;<\/p>\n","protected":false},"author":1,"featured_media":0,"parent":0,"menu_order":0,"comment_status":"closed","ping_status":"closed","template":"full_width.php","meta":{"_monsterinsights_skip_tracking":false,"_monsterinsights_sitenote_active":false,"_monsterinsights_sitenote_note":"","_monsterinsights_sitenote_category":0,"footnotes":""},"class_list":["post-3179","page","type-page","status-publish","hentry"],"_links":{"self":[{"href":"https:\/\/tarragona.escolateresiana.com\/es\/wp-json\/wp\/v2\/pages\/3179","targetHints":{"allow":["GET"]}}],"collection":[{"href":"https:\/\/tarragona.escolateresiana.com\/es\/wp-json\/wp\/v2\/pages"}],"about":[{"href":"https:\/\/tarragona.escolateresiana.com\/es\/wp-json\/wp\/v2\/types\/page"}],"author":[{"embeddable":true,"href":"https:\/\/tarragona.escolateresiana.com\/es\/wp-json\/wp\/v2\/users\/1"}],"replies":[{"embeddable":true,"href":"https:\/\/tarragona.escolateresiana.com\/es\/wp-json\/wp\/v2\/comments?post=3179"}],"version-history":[{"count":4,"href":"https:\/\/tarragona.escolateresiana.com\/es\/wp-json\/wp\/v2\/pages\/3179\/revisions"}],"predecessor-version":[{"id":3526,"href":"https:\/\/tarragona.escolateresiana.com\/es\/wp-json\/wp\/v2\/pages\/3179\/revisions\/3526"}],"wp:attachment":[{"href":"https:\/\/tarragona.escolateresiana.com\/es\/wp-json\/wp\/v2\/media?parent=3179"}],"curies":[{"name":"wp","href":"https:\/\/api.w.org\/{rel}","templated":true}]}}