{"id":3152,"date":"2022-06-01T09:01:42","date_gmt":"2022-06-01T09:01:42","guid":{"rendered":"https:\/\/tarragona.escolateresiana.com\/idiomas\/"},"modified":"2024-03-20T09:13:40","modified_gmt":"2024-03-20T09:13:40","slug":"idiomas","status":"publish","type":"page","link":"https:\/\/tarragona.escolateresiana.com\/es\/idiomas\/","title":{"rendered":"Idiomas"},"content":{"rendered":"<p>[vc_row css_animation=\u00bb\u00bb row_type=\u00bbrow\u00bb use_row_as_full_screen_section=\u00bbno\u00bb type=\u00bbfull_width\u00bb angled_section=\u00bbno\u00bb text_align=\u00bbleft\u00bb background_image_as_pattern=\u00bbwithout_pattern\u00bb][vc_column][qode_elements_holder number_of_columns=\u00bbtwo_columns\u00bb][qode_elements_holder_item advanced_animations=\u00bbno\u00bb][vc_single_image image=\u00bb2834&#8243; img_size=\u00bbfull\u00bb qode_css_animation=\u00bb\u00bb][\/qode_elements_holder_item][qode_elements_holder_item advanced_animations=\u00bbno\u00bb item_padding=\u00bb0px 30px 0px 30px\u00bb background_image=\u00bb1360&#8243;][vc_column_text css=\u00bb.vc_custom_1710925811944{padding-top: 15px !important;padding-right: 15px !important;padding-bottom: 15px !important;padding-left: 15px !important;background-color: rgba(255,255,255,0.71) !important;*background-color: rgb(255,255,255) !important;}\u00bb]<\/p>\n<h2><span style=\"color: #45ac34;\">Las palabras abren fronteras<\/span><\/h2>\n<p>&nbsp;<\/p>\n<p>&nbsp;<\/p>\n<p>Uno de los grandes retos de nuestro centro es la Escuela Multiling\u00fce. El objetivo es fomentar el aprendizaje y el uso de las lenguas extranjeras, ingl\u00e9s y alem\u00e1n, para abrir los ojos a un mundo globalizado, aprender nuevas culturas y sentirse aut\u00f3nomo para poder interactuar.<\/p>\n<p>&nbsp;<\/p>\n<p>La acci\u00f3n curricular permite a nuestro alumnado poner en pr\u00e1ctica sus destrezas en las diferentes lenguas y terminar su escolarizaci\u00f3n con un dominio ling\u00fc\u00edstico consolidado que le abrir\u00e1 puertas en su futuro.[\/vc_column_text][\/qode_elements_holder_item][\/qode_elements_holder][\/vc_column][\/vc_row][vc_row css_animation=\u00bb\u00bb row_type=\u00bbrow\u00bb use_row_as_full_screen_section=\u00bbno\u00bb type=\u00bbgrid\u00bb angled_section=\u00bbno\u00bb text_align=\u00bbleft\u00bb background_image_as_pattern=\u00bbwithout_pattern\u00bb z_index=\u00bb\u00bb padding_top=\u00bb60&#8243; padding_bottom=\u00bb60&#8243;][vc_column][vc_single_image image=\u00bb2732&#8243; img_size=\u00bbfull\u00bb alignment=\u00bbcenter\u00bb qode_css_animation=\u00bb\u00bb][vc_column_text]<\/p>\n<h3 class=\" ztl-main-font ztl-left ztl-font-normal\" style=\"text-align: center;\"><span style=\"color: #45ac34;\">APRENDIZAJE A PARTIR DE NUESTRA LENGUA<\/span><\/h3>\n<p>&nbsp;<\/p>\n<p style=\"line-height: 28px; text-align: center;\">El aprendizaje de nuevas lenguas comienza por conocer y potenciar la propia. Queremos que conozcan y aprecien la cultura catalana. Al mismo tiempo, los educamos en el aprendizaje y disfrute de otros idiomas y culturas, como son el castellano, el ingl\u00e9s y el alem\u00e1n.<\/p>\n<p>[\/vc_column_text][\/vc_column][\/vc_row][vc_row css_animation=\u00bb\u00bb row_type=\u00bbrow\u00bb use_row_as_full_screen_section=\u00bbno\u00bb type=\u00bbgrid\u00bb angled_section=\u00bbno\u00bb text_align=\u00bbleft\u00bb background_image_as_pattern=\u00bbwithout_pattern\u00bb z_index=\u00bb\u00bb background_color=\u00bb#ffffff\u00bb][vc_column][vc_empty_space height=\u00bb90px\u00bb][vc_column_text]<\/p>\n<h3 style=\"text-align: center;\"><span style=\"color: #45ac34;\">IDIOMAS EN NUESTRO COLEGIO<\/span><\/h3>\n<p>[\/vc_column_text][vc_empty_space height=\u00bb90px\u00bb][\/vc_column][\/vc_row][vc_row css_animation=\u00bb\u00bb row_type=\u00bbrow\u00bb use_row_as_full_screen_section=\u00bbno\u00bb type=\u00bbgrid\u00bb angled_section=\u00bbno\u00bb text_align=\u00bbleft\u00bb background_image_as_pattern=\u00bbwithout_pattern\u00bb z_index=\u00bb\u00bb background_color=\u00bb#ffffff\u00bb][vc_column width=\u00bb1\/2&#8243;][vc_single_image image=\u00bb2744&#8243; img_size=\u00bbfull\u00bb qode_css_animation=\u00bb\u00bb][\/vc_column][vc_column width=\u00bb1\/2&#8243; css=\u00bb.vc_custom_1673433258033{background-color: #d9efc6 !important;}\u00bb]<div class=\"qode-accordion-holder clearfix qode-accordion qode-initial \">\n\t<h4 class=\"clearfix qode-title-holder\">\n<span class=\"qode-tab-title\">\n\t    <span class=\"qode-tab-title-inner\">\n        INGL\u00c9S    <\/span>\n<\/span>\n<span class=\"qode-accordion-mark\">\n    <span class=\"qode-accordion-mark-icon\">\n        <span class=\"icon_plus\"><\/span>\n        <span class=\"icon_minus-06\"><\/span>\n    <\/span>\n<\/span>\n<\/h4>\n<div  class=\"qode-accordion-content \" >\n    <div class=\"qode-accordion-content-inner\">\n        [vc_column_text]<strong>INGL\u00c9S<\/strong><\/p>\n<p>Contamos con una metodolog\u00eda propia desde Educaci\u00f3n Infantil hasta Bachillerato para fortalecer el ingl\u00e9s curricular. Queremos que nuestros alumnos terminen su etapa escolar dominando la lengua inglesa con una certificaci\u00f3n C1 o superior.<\/p>\n<p>A partir del segundo ciclo de Educaci\u00f3n Primaria, el alumnado se inicia en la preparaci\u00f3n de los ex\u00e1menes YLE de Cambridge Starters y Movers. A partir del primer ciclo de Educaci\u00f3n Secundaria, se les prepara para presentarse a los niveles oficiales de KET, PET, FCE y CAE.<\/p>\n<ul>\n<li>Incremento de horas lectivas en ingl\u00e9s en todos los cursos.<\/li>\n<li>Actividades de inmersi\u00f3n: teatros, colonias, English Week\u2026<\/li>\n<li>Auxiliar de conversaci\u00f3n.<\/li>\n<li>Asignaturas y unidades did\u00e1cticas en ingl\u00e9s. (AICLE).<\/li>\n<li>Titulaciones oficiales de Cambridge.<\/li>\n<li>Centro examinador oficial.<\/li>\n<li>Bachillerato Dual.<\/li>\n<li>Escuela de Idiomas (ITT).<\/li>\n<li>Concursos<\/li>\n<\/ul>\n<p>[\/vc_column_text][vc_empty_space][vc_gallery type=\u00bbimage_grid\u00bb images=\u00bb2547,2976&#8243; img_size=\u00bbmedium\u00bb column_number=\u00bb3&#8243; grayscale=\u00bbno\u00bb images_space=\u00bbgallery_with_space\u00bb]    <\/div>\n<\/div><h4 class=\"clearfix qode-title-holder\">\n<span class=\"qode-tab-title\">\n\t    <span class=\"qode-tab-title-inner\">\n        ALEM\u00c1N    <\/span>\n<\/span>\n<span class=\"qode-accordion-mark\">\n    <span class=\"qode-accordion-mark-icon\">\n        <span class=\"icon_plus\"><\/span>\n        <span class=\"icon_minus-06\"><\/span>\n    <\/span>\n<\/span>\n<\/h4>\n<div  class=\"qode-accordion-content \" >\n    <div class=\"qode-accordion-content-inner\">\n        [vc_column_text]<strong>ALEM\u00c1N<\/strong><\/p>\n<p>Como segunda lengua extranjera, el alem\u00e1n se imparte en Educaci\u00f3n Secundaria y Bachillerato como materia curricular y extraescolar. Se prepara al alumnado para conseguir un nivel que les permita presentarse en titulaciones oficiales del Goethe-Institut.[\/vc_column_text]    <\/div>\n<\/div><\/div>[vc_empty_space][\/vc_column][\/vc_row][vc_row css_animation=\u00bb\u00bb row_type=\u00bbrow\u00bb use_row_as_full_screen_section=\u00bbno\u00bb type=\u00bbfull_width\u00bb angled_section=\u00bbno\u00bb text_align=\u00bbleft\u00bb background_image_as_pattern=\u00bbwithout_pattern\u00bb css=\u00bb.vc_custom_1673359191879{background-color: #ffffff !important;}\u00bb z_index=\u00bb\u00bb][vc_column][vc_empty_space][\/vc_column][\/vc_row][vc_row css_animation=\u00bb\u00bb row_type=\u00bbrow\u00bb use_row_as_full_screen_section=\u00bbno\u00bb type=\u00bbfull_width\u00bb angled_section=\u00bbno\u00bb text_align=\u00bbleft\u00bb background_image_as_pattern=\u00bbwithout_pattern\u00bb][vc_column][vc_gallery type=\u00bbimage_grid\u00bb images=\u00bb2835,2836,2837&#8243; img_size=\u00bbfull\u00bb column_number=\u00bb3&#8243; grayscale=\u00bbno\u00bb images_space=\u00bbgallery_without_space\u00bb][\/vc_column][\/vc_row]<\/p>\n","protected":false},"excerpt":{"rendered":"<p>[vc_row css_animation=\u00bb\u00bb row_type=\u00bbrow\u00bb use_row_as_full_screen_section=\u00bbno\u00bb type=\u00bbfull_width\u00bb angled_section=\u00bbno\u00bb text_align=\u00bbleft\u00bb background_image_as_pattern=\u00bbwithout_pattern\u00bb][vc_column][qode_elements_holder number_of_columns=\u00bbtwo_columns\u00bb][qode_elements_holder_item advanced_animations=\u00bbno\u00bb][vc_single_image image=\u00bb2834&#8243; img_size=\u00bbfull\u00bb qode_css_animation=\u00bb\u00bb][\/qode_elements_holder_item][qode_elements_holder_item advanced_animations=\u00bbno\u00bb item_padding=\u00bb0px 30px 0px 30px\u00bb background_image=\u00bb1360&#8243;][vc_column_text css=\u00bb.vc_custom_1710925811944{padding-top: 15px !important;padding-right: 15px !important;padding-bottom: 15px !important;padding-left: 15px !important;background-color: rgba(255,255,255,0.71) !important;*background-color: rgb(255,255,255) !important;}\u00bb] Las palabras abren fronteras &nbsp; &nbsp; Uno de los grandes retos de nuestro&#8230;<\/p>\n","protected":false},"author":1,"featured_media":0,"parent":0,"menu_order":0,"comment_status":"closed","ping_status":"closed","template":"full_width.php","meta":{"_monsterinsights_skip_tracking":false,"_monsterinsights_sitenote_active":false,"_monsterinsights_sitenote_note":"","_monsterinsights_sitenote_category":0,"footnotes":""},"class_list":["post-3152","page","type-page","status-publish","hentry"],"_links":{"self":[{"href":"https:\/\/tarragona.escolateresiana.com\/es\/wp-json\/wp\/v2\/pages\/3152","targetHints":{"allow":["GET"]}}],"collection":[{"href":"https:\/\/tarragona.escolateresiana.com\/es\/wp-json\/wp\/v2\/pages"}],"about":[{"href":"https:\/\/tarragona.escolateresiana.com\/es\/wp-json\/wp\/v2\/types\/page"}],"author":[{"embeddable":true,"href":"https:\/\/tarragona.escolateresiana.com\/es\/wp-json\/wp\/v2\/users\/1"}],"replies":[{"embeddable":true,"href":"https:\/\/tarragona.escolateresiana.com\/es\/wp-json\/wp\/v2\/comments?post=3152"}],"version-history":[{"count":5,"href":"https:\/\/tarragona.escolateresiana.com\/es\/wp-json\/wp\/v2\/pages\/3152\/revisions"}],"predecessor-version":[{"id":3522,"href":"https:\/\/tarragona.escolateresiana.com\/es\/wp-json\/wp\/v2\/pages\/3152\/revisions\/3522"}],"wp:attachment":[{"href":"https:\/\/tarragona.escolateresiana.com\/es\/wp-json\/wp\/v2\/media?parent=3152"}],"curies":[{"name":"wp","href":"https:\/\/api.w.org\/{rel}","templated":true}]}}