{"id":3148,"date":"2022-05-03T08:52:15","date_gmt":"2022-05-03T08:52:15","guid":{"rendered":"https:\/\/tarragona.escolateresiana.com\/el-colegio-tu-casa\/"},"modified":"2024-03-01T12:34:17","modified_gmt":"2024-03-01T12:34:17","slug":"el-colegio-tu-casa","status":"publish","type":"page","link":"https:\/\/tarragona.escolateresiana.com\/es\/el-colegio-tu-casa\/","title":{"rendered":"El colegio, tu casa"},"content":{"rendered":"<p>[vc_row css_animation=\u00bb\u00bb row_type=\u00bbrow\u00bb use_row_as_full_screen_section=\u00bbno\u00bb type=\u00bbfull_width\u00bb angled_section=\u00bbno\u00bb text_align=\u00bbleft\u00bb background_image_as_pattern=\u00bbwithout_pattern\u00bb z_index=\u00bb\u00bb][vc_column][qode_elements_holder number_of_columns=\u00bbtwo_columns\u00bb alignment_one_column=\u00bbcenter\u00bb][qode_elements_holder_item advanced_animations=\u00bbno\u00bb][vc_single_image image=\u00bb2800&#8243; img_size=\u00bbfull\u00bb qode_css_animation=\u00bb\u00bb][\/qode_elements_holder_item][qode_elements_holder_item advanced_animations=\u00bbno\u00bb item_padding=\u00bb20px 30px 20px 30px\u00bb][vc_column_text]Somos un colegio concertado, presente en Tarragona desde 1879, que pertenece a la Fundaci\u00f3n Escola Teresiana junto con 21 centros m\u00e1s.<\/p>\n<p>&nbsp;<\/p>\n<p>Atendemos a unos 850 alumnos de 0 a 18 a\u00f1os. Seguimos el estilo que nuestro fundador San Enrique de Oss\u00f3 defini\u00f3, adapt\u00e1ndonos a los retos de la sociedad actual. Creemos en la fuerza transformadora de la educaci\u00f3n y cultivamos la dimensi\u00f3n cristina e intelectual del alumnado.[\/vc_column_text][\/qode_elements_holder_item][\/qode_elements_holder][\/vc_column][\/vc_row][vc_row css_animation=\u00bb\u00bb row_type=\u00bbrow\u00bb use_row_as_full_screen_section=\u00bbno\u00bb type=\u00bbfull_width\u00bb angled_section=\u00bbno\u00bb text_align=\u00bbleft\u00bb background_image_as_pattern=\u00bbwithout_pattern\u00bb css=\u00bb.vc_custom_1672827668504{background-color: #ffffff !important;}\u00bb z_index=\u00bb\u00bb][vc_column]<div class=\"qode-workflow  qode-workflow-animate\">\n    <span class=\"main-line\" style=\"background-color:#45ac34;\"><\/span>\n    <div class=\"qode-workflow-item\">\n    <span class=\"line\" style=\"background-color:#45ac34;\"><\/span>\n    <div class=\"qode-workflow-item-inner reverse\">\n        <div class=\"qode-workflow-image left\">\n            <img loading=\"lazy\" decoding=\"async\" width=\"150\" height=\"150\" src=\"https:\/\/tarragona.escolateresiana.com\/wp-content\/uploads\/2023\/01\/1912.png\" class=\"attachment-full size-full\" alt=\"\" \/>        <\/div>\n        <div class=\"qode-workflow-text\">\n            <span class=\"circle\" style=\"border-color:#45ac34;background-color:#45ac34;\"><\/span>\n                            <h2>1876<\/h2>\n                                                    <p class=\"text\">La primera comunidad teresiana en Tarragona<\/p>\n                    <\/div>\n    <\/div>\n<\/div><div class=\"qode-workflow-item\">\n    <span class=\"line\" style=\"background-color:#45ac34;\"><\/span>\n    <div class=\"qode-workflow-item-inner \">\n        <div class=\"qode-workflow-image right\">\n            <img loading=\"lazy\" decoding=\"async\" width=\"150\" height=\"150\" src=\"https:\/\/tarragona.escolateresiana.com\/wp-content\/uploads\/2023\/01\/1974.png\" class=\"attachment-full size-full\" alt=\"\" \/>        <\/div>\n        <div class=\"qode-workflow-text\">\n            <span class=\"circle\" style=\"border-color:#45ac34;background-color:#45ac34;\"><\/span>\n                            <h2>1923<\/h2>\n                                                    <p class=\"text\">Se trasladan al actual colegio de la Rambla Nova<\/p>\n                    <\/div>\n    <\/div>\n<\/div><div class=\"qode-workflow-item\">\n    <span class=\"line\" style=\"background-color:#45ac34;\"><\/span>\n    <div class=\"qode-workflow-item-inner reverse\">\n        <div class=\"qode-workflow-image left\">\n            <img loading=\"lazy\" decoding=\"async\" width=\"150\" height=\"150\" src=\"https:\/\/tarragona.escolateresiana.com\/wp-content\/uploads\/2023\/01\/2011.png\" class=\"attachment-full size-full\" alt=\"\" \/>        <\/div>\n        <div class=\"qode-workflow-text\">\n            <span class=\"circle\" style=\"border-color:#45ac34;background-color:#45ac34;\"><\/span>\n                            <h2>2009<\/h2>\n                                                    <p class=\"text\">La Compa\u00f1\u00eda crea la Fundaci\u00f3n Escuela Teresiana (FET)<\/p>\n                    <\/div>\n    <\/div>\n<\/div><div class=\"qode-workflow-item\">\n    <span class=\"line\" style=\"background-color:#45ac34;\"><\/span>\n    <div class=\"qode-workflow-item-inner \">\n        <div class=\"qode-workflow-image right\">\n            <img loading=\"lazy\" decoding=\"async\" width=\"150\" height=\"150\" src=\"https:\/\/tarragona.escolateresiana.com\/wp-content\/uploads\/2023\/01\/2009.png\" class=\"attachment-full size-full\" alt=\"\" \/>        <\/div>\n        <div class=\"qode-workflow-text\">\n            <span class=\"circle\" style=\"border-color:#45ac34;background-color:#45ac34;\"><\/span>\n                            <h2>2011<\/h2>\n                                                    <p class=\"text\">El colegio pasa a formar parte de la FET<\/p>\n                    <\/div>\n    <\/div>\n<\/div><div class=\"qode-workflow-item\">\n    <span class=\"line\" style=\"background-color:#45ac34;\"><\/span>\n    <div class=\"qode-workflow-item-inner reverse\">\n        <div class=\"qode-workflow-image left\">\n            <img loading=\"lazy\" decoding=\"async\" width=\"150\" height=\"150\" src=\"https:\/\/tarragona.escolateresiana.com\/wp-content\/uploads\/2023\/01\/1918.png\" class=\"attachment-full size-full\" alt=\"\" \/>        <\/div>\n        <div class=\"qode-workflow-text\">\n            <span class=\"circle\" style=\"border-color:#45ac34;background-color:#45ac34;\"><\/span>\n                            <h2>2023<\/h2>\n                                                    <p class=\"text\">Se celebra el centenario del edificio modernista de la Rambla Nova<\/p>\n                    <\/div>\n    <\/div>\n<\/div><div class=\"qode-workflow-item\">\n    <span class=\"line\" style=\"background-color:#45ac34;\"><\/span>\n    <div class=\"qode-workflow-item-inner \">\n        <div class=\"qode-workflow-image right\">\n            <img loading=\"lazy\" decoding=\"async\" width=\"150\" height=\"150\" src=\"https:\/\/tarragona.escolateresiana.com\/wp-content\/uploads\/2023\/01\/hoy.png\" class=\"attachment-full size-full\" alt=\"\" \/>        <\/div>\n        <div class=\"qode-workflow-text\">\n            <span class=\"circle\" style=\"border-color:#45ac34;background-color:#45ac34;\"><\/span>\n                            <h2>HOY<\/h2>\n                                                    <p class=\"text\">Seguimos educando al alumnado para el futuro<\/p>\n                    <\/div>\n    <\/div>\n<\/div><\/div>[\/vc_column][\/vc_row][vc_row css_animation=\u00bbelement_from_right\u00bb row_type=\u00bbrow\u00bb use_row_as_full_screen_section=\u00bbno\u00bb type=\u00bbfull_width\u00bb angled_section=\u00bbno\u00bb text_align=\u00bbleft\u00bb background_image_as_pattern=\u00bbwithout_pattern\u00bb css=\u00bb.vc_custom_1651569422056{background-color: #ffffff !important;}\u00bb z_index=\u00bb\u00bb][vc_column][vc_row_inner row_type=\u00bbrow\u00bb type=\u00bbgrid\u00bb text_align=\u00bbleft\u00bb css_animation=\u00bb\u00bb css=\u00bb.vc_custom_1653922989345{background-image: url(https:\/\/tarragona.escolateresiana.com\/wp-content\/uploads\/2022\/05\/slide-verde.png?id=720) !important;}\u00bb][vc_column_inner][vc_empty_space height=\u00bb90px\u00bb][vc_column_text]<\/p>\n<h2 style=\"text-align: center; color: white;\">LA PERSONA ES EL CENTRO DE NUESTRA MISI\u00d3N<\/h2>\n<p>[\/vc_column_text][vc_empty_space][vc_single_image image=\u00bb2663&#8243; img_size=\u00bb125&#215;125&#8243; alignment=\u00bbcenter\u00bb qode_css_animation=\u00bb\u00bb][vc_empty_space][vc_column_text]<\/p>\n<p style=\"text-align: center;\"><span style=\"color: #ffffff; font-size: 24px;\">Somos <strong>\u00fanicos<\/strong> y <strong>especiales<\/strong> .<\/span><\/p>\n<p style=\"text-align: center;\"><span style=\"color: #ffffff; font-size: 24px;\">Con una atenci\u00f3n personalizada y con la colaboraci\u00f3n de toda la comunidad educativa, buscamos:<\/span><\/p>\n<p>[\/vc_column_text][vc_empty_space height=\u00bb30px\u00bb][\/vc_column_inner][\/vc_row_inner][vc_row_inner row_type=\u00bbrow\u00bb type=\u00bbgrid\u00bb text_align=\u00bbleft\u00bb css_animation=\u00bb\u00bb css=\u00bb.vc_custom_1653922989345{background-image: url(https:\/\/tarragona.escolateresiana.com\/wp-content\/uploads\/2022\/05\/slide-verde.png?id=720) !important;}\u00bb][vc_column_inner width=\u00bb1\/3&#8243;][vc_empty_space height=\u00bb60px\u00bb][vc_column_text]<\/p>\n<p style=\"text-align: right;\"><span style=\"color: #ffffff;\">El m\u00e1ximo <strong>desarrollo de las capacidades<\/strong> de nuestros alumnos, procurando su <strong>bienestar f\u00edsico, emocional y grupal<\/strong> .  <\/span><\/p>\n<p>&nbsp;<\/p>\n<p>[\/vc_column_text][vc_empty_space][vc_column_text]<\/p>\n<p style=\"text-align: right;\"><span style=\"color: #ffffff;\"> <\/span><br \/>\n<span style=\"color: #ffffff;\">Formar a personas <strong>creativas, competentes, abiertas al cambio<\/strong> , capaces de transformar la sociedad y comprometidas con el bien com\u00fan.<br \/>\n<\/span><\/p>\n<p>[\/vc_column_text][\/vc_column_inner][vc_column_inner width=\u00bb1\/3&#8243;][vc_single_image image=\u00bb2801&#8243; img_size=\u00bbfull\u00bb alignment=\u00bbcenter\u00bb style=\u00bbvc_box_circle_2&#8243; qode_css_animation=\u00bb\u00bb][vc_empty_space height=\u00bb90px\u00bb][\/vc_column_inner][vc_column_inner width=\u00bb1\/3&#8243;][vc_empty_space height=\u00bb60px\u00bb][vc_column_text]<\/p>\n<p style=\"text-align: left;\"><span style=\"color: #ffffff;\">Educar a personas capaces de <strong>descubrir y vivir los valores cristianos<\/strong> en relaci\u00f3n con los dem\u00e1s de forma libre y con compromiso.<br \/>\n<\/span><\/p>\n<p>[\/vc_column_text][vc_empty_space][vc_empty_space][vc_column_text]<\/p>\n<p style=\"text-align: left;\"><span style=\"color: #ffffff;\">Ofrecer un espacio de <strong>acogida y acompa\u00f1amiento<\/strong> donde todo el mundo se sienta <strong>querido y valorado<\/strong> tal y como es para favorecer su crecimiento personal.<br \/>\n<\/span><\/p>\n<p>[\/vc_column_text][\/vc_column_inner][\/vc_row_inner][vc_row_inner row_type=\u00bbrow\u00bb type=\u00bbfull_width\u00bb text_align=\u00bbleft\u00bb css_animation=\u00bb\u00bb css=\u00bb.vc_custom_1675988698376{padding-top: 40px !important;padding-bottom: 40px !important;background-image: url(https:\/\/tarragona.escolateresiana.com\/wp-content\/uploads\/2023\/02\/FOTO_10-Creemos-en-ti-Cole.jpg?id=1863) !important;background-position: center !important;background-repeat: no-repeat !important;background-size: cover !important;}\u00bb][vc_column_inner][vc_empty_space height=\u00bb90px\u00bb][vc_column_text]<\/p>\n<h2 class=\" ztl-main-font ztl-left ztl-font-normal\" style=\"text-align: center;\"><span style=\"color: #ffffff;\">CREEMOS EN TI. CRECEMOS CONTIGO  <\/span><\/h2>\n<p>&nbsp;<\/p>\n<div class=\"vc_empty_space\" style=\"text-align: center;\"><\/div>\n<div class=\"wpb_text_column wpb_content_element \">\n<div class=\"wpb_wrapper\">\n<p style=\"text-align: center; font-size: 24px;\"><span style=\"color: #ffffff;\">Hacia una escuela abierta, inclusiva, con visi\u00f3n de futuro y en constante mejora.<\/span><\/p>\n<\/div>\n<\/div>\n<p>[\/vc_column_text][vc_empty_space][vc_column_text]<\/p>\n<p style=\"text-align: center;\"><span style=\"color: #ffffff;\"><em><strong>\u201cEducamos desde la realidad y para la vida,<br \/>\npara construir cultura solidaria y de paz<br \/>\ncon personas que sean sujetas de encuentro,<br \/>\ntransformadores sociales\u201d<\/strong><\/em><\/span><br \/>\n<span style=\"color: #ffffff;\">Propuesta Educativa Teresiana<\/span><\/p>\n<p>[\/vc_column_text][vc_empty_space height=\u00bb90 px\u00bb][\/vc_column_inner][\/vc_row_inner][\/vc_column][\/vc_row][vc_row css_animation=\u00bbelement_from_left\u00bb row_type=\u00bbrow\u00bb use_row_as_full_screen_section=\u00bbno\u00bb type=\u00bbfull_width\u00bb angled_section=\u00bbno\u00bb text_align=\u00bbleft\u00bb background_image_as_pattern=\u00bbwithout_pattern\u00bb z_index=\u00bb\u00bb][vc_column][qode_elements_holder number_of_columns=\u00bbtwo_columns\u00bb alignment_one_column=\u00bbcenter\u00bb][qode_elements_holder_item horizontal_alignment=\u00bbcenter\u00bb advanced_animations=\u00bbno\u00bb item_padding=\u00bb0px 30px 0px 30px\u00bb][vc_column_text]<\/p>\n<h2 class=\" ztl-main-font ztl-left ztl-font-normal\"><span style=\"color: #45ac34;\">CREEMOS EN TI<\/span><\/h2>\n<p>&nbsp;<\/p>\n<div class=\"wpb_text_column wpb_content_element \">\n<div class=\"wpb_wrapper\">\n<ul>\n<li>Atenci\u00f3n personalizada y clima familiar.<\/li>\n<li>Cercan\u00eda, acompa\u00f1amiento y mirada positiva.<\/li>\n<li>Profundidad y trascendencia.<\/li>\n<li>Compromiso, justicia y solidaridad.<\/li>\n<\/ul>\n<\/div>\n<\/div>\n<p>[\/vc_column_text][\/qode_elements_holder_item][qode_elements_holder_item advanced_animations=\u00bbno\u00bb][vc_single_image image=\u00bb2803&#8243; img_size=\u00bbfull\u00bb qode_css_animation=\u00bb\u00bb][\/qode_elements_holder_item][\/qode_elements_holder][\/vc_column][\/vc_row][vc_row css_animation=\u00bbelement_from_right\u00bb row_type=\u00bbrow\u00bb use_row_as_full_screen_section=\u00bbno\u00bb type=\u00bbfull_width\u00bb angled_section=\u00bbno\u00bb text_align=\u00bbleft\u00bb background_image_as_pattern=\u00bbwithout_pattern\u00bb z_index=\u00bb\u00bb][vc_column][qode_elements_holder number_of_columns=\u00bbtwo_columns\u00bb alignment_one_column=\u00bbcenter\u00bb][qode_elements_holder_item advanced_animations=\u00bbno\u00bb][vc_single_image image=\u00bb2804&#8243; img_size=\u00bbfull\u00bb qode_css_animation=\u00bb\u00bb][\/qode_elements_holder_item][qode_elements_holder_item horizontal_alignment=\u00bbcenter\u00bb advanced_animations=\u00bbno\u00bb item_padding=\u00bb0px 30px 0px 30px\u00bb][vc_column_text]<\/p>\n<h2 class=\" ztl-main-font ztl-left ztl-font-normal\"><span style=\"color: #45ac34;\">CRECEMOS CONTIGO<\/span><\/h2>\n<p>&nbsp;<\/p>\n<div class=\"wpb_text_column wpb_content_element \">\n<div class=\"wpb_wrapper\">\n<ul>\n<li>Profesionalidad, mentalidad abierta y visi\u00f3n de futuro.<\/li>\n<li>Implicaci\u00f3n, responsabilidad y capacidad de trabajo.<\/li>\n<li>Creatividad, capacidad de innovaci\u00f3n, mejora continua.<\/li>\n<\/ul>\n<\/div>\n<\/div>\n<p>[\/vc_column_text][\/qode_elements_holder_item][\/qode_elements_holder][\/vc_column][\/vc_row]<\/p>\n","protected":false},"excerpt":{"rendered":"<p>[vc_row css_animation=\u00bb\u00bb row_type=\u00bbrow\u00bb use_row_as_full_screen_section=\u00bbno\u00bb type=\u00bbfull_width\u00bb angled_section=\u00bbno\u00bb text_align=\u00bbleft\u00bb background_image_as_pattern=\u00bbwithout_pattern\u00bb z_index=\u00bb\u00bb][vc_column][qode_elements_holder number_of_columns=\u00bbtwo_columns\u00bb alignment_one_column=\u00bbcenter\u00bb][qode_elements_holder_item advanced_animations=\u00bbno\u00bb][vc_single_image image=\u00bb2800&#8243; img_size=\u00bbfull\u00bb qode_css_animation=\u00bb\u00bb][\/qode_elements_holder_item][qode_elements_holder_item advanced_animations=\u00bbno\u00bb item_padding=\u00bb20px 30px 20px 30px\u00bb][vc_column_text]Somos un colegio concertado, presente en Tarragona desde 1879, que pertenece a la Fundaci\u00f3n Escola Teresiana junto con 21 centros m\u00e1s. &nbsp; Atendemos a unos 850&#8230;<\/p>\n","protected":false},"author":1,"featured_media":0,"parent":0,"menu_order":0,"comment_status":"closed","ping_status":"closed","template":"full_width.php","meta":{"_monsterinsights_skip_tracking":false,"_monsterinsights_sitenote_active":false,"_monsterinsights_sitenote_note":"","_monsterinsights_sitenote_category":0,"footnotes":""},"class_list":["post-3148","page","type-page","status-publish","hentry"],"_links":{"self":[{"href":"https:\/\/tarragona.escolateresiana.com\/es\/wp-json\/wp\/v2\/pages\/3148","targetHints":{"allow":["GET"]}}],"collection":[{"href":"https:\/\/tarragona.escolateresiana.com\/es\/wp-json\/wp\/v2\/pages"}],"about":[{"href":"https:\/\/tarragona.escolateresiana.com\/es\/wp-json\/wp\/v2\/types\/page"}],"author":[{"embeddable":true,"href":"https:\/\/tarragona.escolateresiana.com\/es\/wp-json\/wp\/v2\/users\/1"}],"replies":[{"embeddable":true,"href":"https:\/\/tarragona.escolateresiana.com\/es\/wp-json\/wp\/v2\/comments?post=3148"}],"version-history":[{"count":9,"href":"https:\/\/tarragona.escolateresiana.com\/es\/wp-json\/wp\/v2\/pages\/3148\/revisions"}],"predecessor-version":[{"id":3488,"href":"https:\/\/tarragona.escolateresiana.com\/es\/wp-json\/wp\/v2\/pages\/3148\/revisions\/3488"}],"wp:attachment":[{"href":"https:\/\/tarragona.escolateresiana.com\/es\/wp-json\/wp\/v2\/media?parent=3148"}],"curies":[{"name":"wp","href":"https:\/\/api.w.org\/{rel}","templated":true}]}}