{"id":3131,"date":"2022-05-31T14:54:30","date_gmt":"2022-05-31T14:54:30","guid":{"rendered":"https:\/\/tarragona.escolateresiana.com\/familias\/"},"modified":"2024-03-19T10:06:29","modified_gmt":"2024-03-19T10:06:29","slug":"familias","status":"publish","type":"page","link":"https:\/\/tarragona.escolateresiana.com\/es\/familias\/","title":{"rendered":"Familias"},"content":{"rendered":"<p>[vc_row css_animation=\u00bb\u00bb row_type=\u00bbrow\u00bb use_row_as_full_screen_section=\u00bbno\u00bb type=\u00bbfull_width\u00bb angled_section=\u00bbno\u00bb text_align=\u00bbleft\u00bb background_image_as_pattern=\u00bbwithout_pattern\u00bb][vc_column][qode_elements_holder number_of_columns=\u00bbtwo_columns\u00bb][qode_elements_holder_item advanced_animations=\u00bbno\u00bb][vc_single_image image=\u00bb2815&#8243; img_size=\u00bbfull\u00bb qode_css_animation=\u00bb\u00bb][\/qode_elements_holder_item][qode_elements_holder_item cover=\u00bbyes\u00bb advanced_animations=\u00bbno\u00bb item_padding=\u00bb0px 30px 0px 30px\u00bb background_image=\u00bb739&#8243;][vc_column_text]<\/p>\n<h2><span style=\"color: #ffffff;\">EDUCAMOS JUNTOS<\/span><\/h2>\n<h4 style=\"font-family: Dancing Script; font-size: 34px; line-height: 150%;\"><span style=\"color: #ffffff;\">\u00abSentimos La escuela como algo nuestro. Ponemos en ella nuestra confianza y encontramos un trato espont\u00e1neo y personal con todos los miembros de la comunidad educativa\u00bb.<\/span><\/h4>\n<p>[\/vc_column_text][\/qode_elements_holder_item][\/qode_elements_holder][\/vc_column][\/vc_row][vc_row css_animation=\u00bb\u00bb row_type=\u00bbrow\u00bb use_row_as_full_screen_section=\u00bbno\u00bb type=\u00bbgrid\u00bb angled_section=\u00bbno\u00bb text_align=\u00bbleft\u00bb background_image_as_pattern=\u00bbwithout_pattern\u00bb z_index=\u00bb\u00bb background_color=\u00bb#ffffff\u00bb][vc_column][qode_elements_holder background_color=\u00bb#ffffff\u00bb number_of_columns=\u00bbone_column\u00bb][qode_elements_holder_item advanced_animations=\u00bbno\u00bb][vc_empty_space height=\u00bb50px\u00bb][vc_column_text]<\/p>\n<div style=\"background-color: white; margin: 20px; padding: 20px;\">\n<h4 style=\"text-align: center;\">Las familias son parte fundamental de nuestra comunidad educativa, la enriquecen y la hacen m\u00e1s fuerte. Tienen un papel clave en el proceso formativo de sus hijos e hijas y participan de forma activa en distintos \u00e1mbitos de la vida del centro.<\/h4>\n<\/div>\n<p>[\/vc_column_text][vc_empty_space height=\u00bb50px\u00bb][\/qode_elements_holder_item][\/qode_elements_holder][\/vc_column][\/vc_row][vc_row css_animation=\u00bb\u00bb row_type=\u00bbrow\u00bb use_row_as_full_screen_section=\u00bbno\u00bb type=\u00bbfull_width\u00bb angled_section=\u00bbno\u00bb text_align=\u00bbleft\u00bb background_image_as_pattern=\u00bbwithout_pattern\u00bb][vc_column][qode_elements_holder number_of_columns=\u00bbtwo_columns\u00bb][qode_elements_holder_item advanced_animations=\u00bbno\u00bb item_padding=\u00bb0px 30px 0px 30px\u00bb][vc_column_text]<\/p>\n<h2><span style=\"color: rgba(69,172,52,1);\">VEN A MI CLASE<\/span><\/h2>\n<p>&nbsp;<\/p>\n<p>Somos comunidades que aprenden que las familias vengan a la escuela es enriquecedor y nos gusta contar con ellas siempre que sea posible: exposiciones, proyectos interdisciplinarios y otras actividades formativas y de voluntariado.[\/vc_column_text][\/qode_elements_holder_item][qode_elements_holder_item advanced_animations=\u00bbno\u00bb][vc_single_image image=\u00bb2816&#8243; img_size=\u00bbfull\u00bb qode_css_animation=\u00bb\u00bb][\/qode_elements_holder_item][\/qode_elements_holder][\/vc_column][\/vc_row][vc_row css_animation=\u00bb\u00bb row_type=\u00bbrow\u00bb use_row_as_full_screen_section=\u00bbno\u00bb type=\u00bbfull_width\u00bb angled_section=\u00bbno\u00bb text_align=\u00bbleft\u00bb background_image_as_pattern=\u00bbwithout_pattern\u00bb z_index=\u00bb\u00bb background_color=\u00bb#ffffff\u00bb][vc_column][vc_empty_space][\/vc_column][\/vc_row][vc_row css_animation=\u00bb\u00bb row_type=\u00bbrow\u00bb use_row_as_full_screen_section=\u00bbno\u00bb type=\u00bbfull_width\u00bb angled_section=\u00bbno\u00bb text_align=\u00bbcenter\u00bb background_image_as_pattern=\u00bbwithout_pattern\u00bb z_index=\u00bb\u00bb css=\u00bb.vc_custom_1673522775923{background-color: #ffffff !important;}\u00bb][vc_column css_animation=\u00bbfadeInDown\u00bb width=\u00bb1\/3&#8243;][vc_single_image image=\u00bb2817&#8243; img_size=\u00bbfull\u00bb qode_css_animation=\u00bb\u00bb][vc_empty_space][vc_column_text css=\u00bb.vc_custom_1710842775846{padding-right: 40px !important;padding-left: 40px !important;}\u00bb]<\/p>\n<h4 class=\"qode-info-card-title\" style=\"text-align: center;\">ASOCIACI\u00d3N DE PADRES Y MADRES (AMPA)<\/h4>\n<p>&nbsp;<\/p>\n<p style=\"text-align: center;\">Representa a las familias asociadas de la escuela y tiene como objetivos colaborar con el colegio mediante comisiones de trabajo, promover la formaci\u00f3n permanente de las familias, representar a la asociaci\u00f3n en el Consejo Escolar y ofrecer actividades extraescolares.<\/p>\n<p>[\/vc_column_text][vc_empty_space][\/vc_column][vc_column css_animation=\u00bbfadeInUp\u00bb width=\u00bb1\/3&#8243;][vc_single_image image=\u00bb2818&#8243; img_size=\u00bbfull\u00bb qode_css_animation=\u00bb\u00bb][vc_empty_space][vc_column_text css=\u00bb.vc_custom_1675965953805{padding-right: 40px !important;padding-left: 40px !important;}\u00bb]<\/p>\n<h4 class=\"qode-info-card-title\" style=\"text-align: center;\">CONSEJO ESCOLAR<\/h4>\n<p>&nbsp;<\/p>\n<p class=\"qode-info-card-text\" style=\"text-align: center;\">Es el \u00f3rgano colegiado representativo y participativo m\u00e1s importante de la comunidad educativa. Los padres, junto con Direcci\u00f3n, profesorado, alumnado y PAS, mejoran con sus aportaciones el funcionamiento del centro.<\/p>\n<p>[\/vc_column_text][vc_empty_space][\/vc_column][vc_column css_animation=\u00bbfadeInDown\u00bb width=\u00bb1\/3&#8243;][vc_single_image image=\u00bb2998&#8243; img_size=\u00bbfull\u00bb onclick=\u00bbcustom_link\u00bb qode_css_animation=\u00bb\u00bb link=\u00bbhttps:\/\/sso2.educamos.com\/Autenticacion\/Acceder?ReturnUrl=%2Fissue%2Fwsfed%3Fwa%3Dwsignin1.0%26wtrealm%3Dhttps%253a%252f%252fsantateresajesus-fet-tarragona.educamos.com%252f%26wctx%3Drm%253d0%2526id%253dpassive%2526ru%253d%25252f%26wct%3D2023-03-07T10%253a07%253a19Z\u00bb][vc_empty_space][vc_column_text css=\u00bb.vc_custom_1675966004357{padding-right: 40px !important;padding-left: 40px !important;}\u00bb]<\/p>\n<h4 class=\"qode-info-card-title\" style=\"text-align: center;\">EDUCAMOS: plataforma de comunicaci\u00f3n<\/h4>\n<p>&nbsp;<\/p>\n<p style=\"text-align: center;\">Es una plataforma educativa que integra los procesos pedag\u00f3gicos, de gesti\u00f3n y comunicaci\u00f3n del centro. Favorece una comunicaci\u00f3n \u00e1gil y directa con las familias y permite tener informaci\u00f3n puntual sobre el desarrollo acad\u00e9mico de sus hijos e hijas.<\/p>\n<p>[\/vc_column_text][vc_empty_space]<a  itemprop=\"url\" href=\"https:\/\/sso2.educamos.com\/Autenticacion\/Acceder?ReturnUrl=%2Fissue%2Fwsfed%3Fwa%3Dwsignin1.0%26wtrealm%3Dhttps%253a%252f%252fsantateresajesus-fet-tarragona.educamos.com%252f%26wctx%3Drm%253d0%2526id%253dpassive%2526ru%253d%25252f%26wct%3D2023-03-07T10%253a07%253a19Z\" target=\"_blank\"  class=\"qbutton  large center default\" style=\"border-radius: 0px;-moz-border-radius: 0px;-webkit-border-radius: 0px; \">ENTRAR EN EDUCAMOS<\/a>[vc_empty_space][\/vc_column][\/vc_row][vc_row css_animation=\u00bb\u00bb row_type=\u00bbrow\u00bb use_row_as_full_screen_section=\u00bbno\u00bb type=\u00bbfull_width\u00bb angled_section=\u00bbno\u00bb text_align=\u00bbleft\u00bb background_image_as_pattern=\u00bbwithout_pattern\u00bb z_index=\u00bb\u00bb background_color=\u00bb#ffffff\u00bb][vc_column][vc_empty_space][\/vc_column][\/vc_row]<\/p>\n","protected":false},"excerpt":{"rendered":"<p>[vc_row css_animation=\u00bb\u00bb row_type=\u00bbrow\u00bb use_row_as_full_screen_section=\u00bbno\u00bb type=\u00bbfull_width\u00bb angled_section=\u00bbno\u00bb text_align=\u00bbleft\u00bb background_image_as_pattern=\u00bbwithout_pattern\u00bb][vc_column][qode_elements_holder number_of_columns=\u00bbtwo_columns\u00bb][qode_elements_holder_item advanced_animations=\u00bbno\u00bb][vc_single_image image=\u00bb2815&#8243; img_size=\u00bbfull\u00bb qode_css_animation=\u00bb\u00bb][\/qode_elements_holder_item][qode_elements_holder_item cover=\u00bbyes\u00bb advanced_animations=\u00bbno\u00bb item_padding=\u00bb0px 30px 0px 30px\u00bb background_image=\u00bb739&#8243;][vc_column_text] EDUCAMOS JUNTOS \u00abSentimos La escuela como algo nuestro. Ponemos en ella nuestra confianza y encontramos un trato espont\u00e1neo y personal con todos los miembros de&#8230;<\/p>\n","protected":false},"author":1,"featured_media":0,"parent":0,"menu_order":0,"comment_status":"closed","ping_status":"closed","template":"full_width.php","meta":{"_monsterinsights_skip_tracking":false,"_monsterinsights_sitenote_active":false,"_monsterinsights_sitenote_note":"","_monsterinsights_sitenote_category":0,"footnotes":""},"class_list":["post-3131","page","type-page","status-publish","hentry"],"_links":{"self":[{"href":"https:\/\/tarragona.escolateresiana.com\/es\/wp-json\/wp\/v2\/pages\/3131","targetHints":{"allow":["GET"]}}],"collection":[{"href":"https:\/\/tarragona.escolateresiana.com\/es\/wp-json\/wp\/v2\/pages"}],"about":[{"href":"https:\/\/tarragona.escolateresiana.com\/es\/wp-json\/wp\/v2\/types\/page"}],"author":[{"embeddable":true,"href":"https:\/\/tarragona.escolateresiana.com\/es\/wp-json\/wp\/v2\/users\/1"}],"replies":[{"embeddable":true,"href":"https:\/\/tarragona.escolateresiana.com\/es\/wp-json\/wp\/v2\/comments?post=3131"}],"version-history":[{"count":6,"href":"https:\/\/tarragona.escolateresiana.com\/es\/wp-json\/wp\/v2\/pages\/3131\/revisions"}],"predecessor-version":[{"id":3494,"href":"https:\/\/tarragona.escolateresiana.com\/es\/wp-json\/wp\/v2\/pages\/3131\/revisions\/3494"}],"wp:attachment":[{"href":"https:\/\/tarragona.escolateresiana.com\/es\/wp-json\/wp\/v2\/media?parent=3131"}],"curies":[{"name":"wp","href":"https:\/\/api.w.org\/{rel}","templated":true}]}}