{"id":3128,"date":"2022-05-26T10:42:24","date_gmt":"2022-05-26T10:42:24","guid":{"rendered":"https:\/\/tarragona.escolateresiana.com\/infantil\/"},"modified":"2024-03-19T10:32:08","modified_gmt":"2024-03-19T10:32:08","slug":"infantil","status":"publish","type":"page","link":"https:\/\/tarragona.escolateresiana.com\/es\/infantil\/","title":{"rendered":"Infantil"},"content":{"rendered":"<p>[vc_row css_animation=\u00bb\u00bb row_type=\u00bbrow\u00bb use_row_as_full_screen_section=\u00bbno\u00bb type=\u00bbfull_width\u00bb angled_section=\u00bbno\u00bb text_align=\u00bbleft\u00bb background_image_as_pattern=\u00bbwithout_pattern\u00bb][vc_column]\n\t\t\t<!-- START INFANTIL CAST REVOLUTION SLIDER 6.5.14 --><p class=\"rs-p-wp-fix\"><\/p>\n\t\t\t<rs-module-wrap id=\"rev_slider_18_1_wrapper\" data-source=\"gallery\" style=\"visibility:hidden;background:transparent;padding:0;margin:0px auto;margin-top:0;margin-bottom:0;\">\n\t\t\t\t<rs-module id=\"rev_slider_18_1\" style=\"\" data-version=\"6.5.14\">\n\t\t\t\t\t<rs-slides>\n\t\t\t\t\t\t<rs-slide style=\"position: absolute;\" data-key=\"rs-20\" data-title=\"Slide\" data-in=\"o:0;\" data-out=\"a:false;\">\n\t\t\t\t\t\t\t<img decoding=\"async\" src=\"\/\/tarragona.escolateresiana.com\/wp-content\/plugins\/revslider\/public\/assets\/assets\/dummy.png\" alt=\"Slide\" title=\"Infantil\" class=\"rev-slidebg tp-rs-img rs-lazyload\" data-lazyload=\"\/\/tarragona.escolateresiana.com\/wp-content\/plugins\/revslider\/public\/assets\/assets\/transparent.png\" data-bg=\"c:#45ac34;\" data-no-retina>\n<!--\n\t\t\t\t\t\t\t--><rs-layer\n\t\t\t\t\t\t\t\tid=\"slider-18-slide-20-layer-0\" \n\t\t\t\t\t\t\t\tclass=\"rs-fsv rs-layer-video intrinsic-ignore\"\n\t\t\t\t\t\t\t\tdata-type=\"video\"\n\t\t\t\t\t\t\t\tdata-rsp_ch=\"on\"\n\t\t\t\t\t\t\t\tdata-xy=\"x:0;y:0;\"\n\t\t\t\t\t\t\t\tdata-text=\"w:normal;\"\n\t\t\t\t\t\t\t\tdata-dim=\"w:100%;h:100%;\"\n\t\t\t\t\t\t\t\tdata-basealign=\"slide\"\n\t\t\t\t\t\t\t\tdata-video=\"vfc:true;vd:100;fc:true;l:true;ptimer:false;nse:f;\"\n\t\t\t\t\t\t\t\tdata-poster=\"\/\/tarragona.escolateresiana.com\/wp-content\/uploads\/revslider\/video-media\/Infantil-cast_20_layer.jpeg\"\n\t\t\t\t\t\t\t\tdata-mp4=\"\/\/tarragona.escolateresiana.com\/wp-content\/uploads\/2024\/03\/Infantil-cast.mp4\"\n\t\t\t\t\t\t\t\tdata-frame_999=\"o:0;st:w;sR:8700;\"\n\t\t\t\t\t\t\t\tstyle=\"z-index:8;\"\n\t\t\t\t\t\t\t>\n\t\t\t\t\t\t\t<\/rs-layer><!--\n-->\t\t\t\t\t\t<\/rs-slide>\n\t\t\t\t\t<\/rs-slides>\n\t\t\t\t<\/rs-module>\n\t\t\t\t<script>\n\t\t\t\t\tsetREVStartSize({c: 'rev_slider_18_1',rl:[1240,1024,778,480],el:[700],gw:[ 1280],gh:[700],type:'standard',justify:'',layout:'fullwidth',mh:\"0\"});if (window.RS_MODULES!==undefined && window.RS_MODULES.modules!==undefined && window.RS_MODULES.modules[\"revslider181\"]!==undefined) {window.RS_MODULES.modules[\"revslider181\"].once = false;window.revapi18 = undefined;if (window.RS_MODULES.checkMinimal!==undefined) window.RS_MODULES.checkMinimal()}\n\t\t\t\t<\/script>\n\t\t\t<\/rs-module-wrap>\n\t\t\t<!-- END REVOLUTION SLIDER -->\n[\/vc_column][\/vc_row][vc_row css_animation=\u00bb\u00bb row_type=\u00bbrow\u00bb use_row_as_full_screen_section=\u00bbno\u00bb type=\u00bbfull_width\u00bb angled_section=\u00bbno\u00bb text_align=\u00bbleft\u00bb background_image_as_pattern=\u00bbwithout_pattern\u00bb][vc_column][qode_elements_holder number_of_columns=\u00bbtwo_columns\u00bb][qode_elements_holder_item advanced_animations=\u00bbno\u00bb][vc_single_image image=\u00bb3015&#8243; img_size=\u00bbfull\u00bb qode_css_animation=\u00bb\u00bb][\/qode_elements_holder_item][qode_elements_holder_item cover=\u00bbyes\u00bb advanced_animations=\u00bbno\u00bb item_padding=\u00bb0px 30px 0px 30px\u00bb background_image=\u00bb704&#8243;][vc_column_text]<\/p>\n<h2><span style=\"color: #45ac34;\">Infantil<\/span><\/h2>\n<p>&nbsp;<\/p>\n<h4><strong>Los grandes descubrimientos<\/strong><\/h4>\n<p>&nbsp;<\/p>\n<p>En Educaci\u00f3n Infantil acompa\u00f1amos a los ni\u00f1os y ni\u00f1as y colaboramos en su desarrollo emocional y afectivo, f\u00edsico y motor, social y cognitivo.<\/p>\n<p>&nbsp;<\/p>\n<p>Les proporcionamos un clima y un entorno de confianza donde puedan sentirse acogidos. Potenciamos su autonom\u00eda personal, fomentamos su creatividad y la ilusi\u00f3n por descubrir, y promovemos la construcci\u00f3n de conocimientos que ser\u00e1n la base de futuros aprendizajes.<\/p>\n<p>&nbsp;<\/p>\n<p>Trabajamos en la implantaci\u00f3n de diversos programas de innovaci\u00f3n pedag\u00f3gica para mejorar la calidad de la ense\u00f1anza, adecu\u00e1ndola a los nuevos tiempos para conseguir la excelencia educativa.[\/vc_column_text][\/qode_elements_holder_item][\/qode_elements_holder][\/vc_column][\/vc_row][vc_row css_animation=\u00bb\u00bb row_type=\u00bbrow\u00bb use_row_as_full_screen_section=\u00bbno\u00bb type=\u00bbfull_width\u00bb angled_section=\u00bbno\u00bb text_align=\u00bbleft\u00bb background_image_as_pattern=\u00bbwithout_pattern\u00bb][vc_column][vc_empty_space height=\u00bb90px\u00bb][\/vc_column][\/vc_row][vc_row css_animation=\u00bb\u00bb row_type=\u00bbrow\u00bb use_row_as_full_screen_section=\u00bbno\u00bb type=\u00bbgrid\u00bb angled_section=\u00bbno\u00bb text_align=\u00bbleft\u00bb background_image_as_pattern=\u00bbwithout_pattern\u00bb z_index=\u00bb\u00bb][vc_column css_animation=\u00bbfadeIn\u00bb width=\u00bb1\/2&#8243; css=\u00bb.vc_custom_1673357369377{padding-top: 30px !important;padding-right: 30px !important;padding-bottom: 30px !important;padding-left: 30px !important;background-color: #cdeff2 !important;}\u00bb]<div class=\"qode-accordion-holder clearfix qode-toggle qode-initial \">\n\t<h4 class=\"clearfix qode-title-holder\">\n<span class=\"qode-tab-title\">\n\t    <span class=\"qode-tab-title-inner\">\n        INNOVACI\u00d3N EDUCATIVA    <\/span>\n<\/span>\n<span class=\"qode-accordion-mark\">\n    <span class=\"qode-accordion-mark-icon\">\n        <span class=\"icon_plus\"><\/span>\n        <span class=\"icon_minus-06\"><\/span>\n    <\/span>\n<\/span>\n<\/h4>\n<div  class=\"qode-accordion-content \" >\n    <div class=\"qode-accordion-content-inner\">\n        [vc_column_text]Trabajamos en la implantaci\u00f3n de diversos programas de innovaci\u00f3n pedag\u00f3gica para mejorar la calidad de la ense\u00f1anza, adecu\u00e1ndola a los nuevos tiempos para conseguir la excelencia educativa.[\/vc_column_text]    <\/div>\n<\/div><h4 class=\"clearfix qode-title-holder\">\n<span class=\"qode-tab-title\">\n\t    <span class=\"qode-tab-title-inner\">\n        ENTUSIA-MAT    <\/span>\n<\/span>\n<span class=\"qode-accordion-mark\">\n    <span class=\"qode-accordion-mark-icon\">\n        <span class=\"icon_plus\"><\/span>\n        <span class=\"icon_minus-06\"><\/span>\n    <\/span>\n<\/span>\n<\/h4>\n<div  class=\"qode-accordion-content \" >\n    <div class=\"qode-accordion-content-inner\">\n        [vc_column_text]Bas\u00e1ndonos en las Inteligencias M\u00faltiples, trabajamos de una forma estructurada, motivadora y estimulante para despertarles la curiosidad y el inter\u00e9s por las matem\u00e1ticas.[\/vc_column_text][vc_empty_space][vc_single_image image=\u00bb2917&#8243; img_size=\u00bbfull\u00bb qode_css_animation=\u00bb\u00bb]    <\/div>\n<\/div><h4 class=\"clearfix qode-title-holder\">\n<span class=\"qode-tab-title\">\n\t    <span class=\"qode-tab-title-inner\">\n        LENGUAJE ORAL Y ESCRITO    <\/span>\n<\/span>\n<span class=\"qode-accordion-mark\">\n    <span class=\"qode-accordion-mark-icon\">\n        <span class=\"icon_plus\"><\/span>\n        <span class=\"icon_minus-06\"><\/span>\n    <\/span>\n<\/span>\n<\/h4>\n<div  class=\"qode-accordion-content \" >\n    <div class=\"qode-accordion-content-inner\">\n        [vc_column_text]Partimos de sus intereses para favorecer el desarrollo de sus habilidades comunicativas, dando importancia al aprendizaje significativo.<\/p>\n<p>&nbsp;<\/p>\n<p>Un buen nivel de competencia lectoescritora ser\u00e1 la base de su posterior desarrollo.[\/vc_column_text][vc_empty_space][vc_single_image image=\u00bb2919&#8243; img_size=\u00bbfull\u00bb qode_css_animation=\u00bb\u00bb]    <\/div>\n<\/div><h4 class=\"clearfix qode-title-holder\">\n<span class=\"qode-tab-title\">\n\t    <span class=\"qode-tab-title-inner\">\n        INGL\u00c9S    <\/span>\n<\/span>\n<span class=\"qode-accordion-mark\">\n    <span class=\"qode-accordion-mark-icon\">\n        <span class=\"icon_plus\"><\/span>\n        <span class=\"icon_minus-06\"><\/span>\n    <\/span>\n<\/span>\n<\/h4>\n<div  class=\"qode-accordion-content \" >\n    <div class=\"qode-accordion-content-inner\">\n        [vc_column_text]<strong>INGL\u00c9S:<\/strong> sensibilizamos al alumnado hacia la lengua y la cultura anglosajonas a la vez que respondemos a una demanda de la sociedad actual. Lo hacemos a partir de canciones, juegos, cuentos: English Workshop y English is fun.<\/p>\n<p>&nbsp;<\/p>\n<p>Somos centro acreditado Cambridge Educational Partner.[\/vc_column_text][vc_empty_space][vc_single_image image=\u00bb2916&#8243; img_size=\u00bbfull\u00bb qode_css_animation=\u00bb\u00bb]    <\/div>\n<\/div><h4 class=\"clearfix qode-title-holder\">\n<span class=\"qode-tab-title\">\n\t    <span class=\"qode-tab-title-inner\">\n        PSICOMOTRICIDAD    <\/span>\n<\/span>\n<span class=\"qode-accordion-mark\">\n    <span class=\"qode-accordion-mark-icon\">\n        <span class=\"icon_plus\"><\/span>\n        <span class=\"icon_minus-06\"><\/span>\n    <\/span>\n<\/span>\n<\/h4>\n<div  class=\"qode-accordion-content \" >\n    <div class=\"qode-accordion-content-inner\">\n        [vc_column_text]En las sesiones de psicomotricidad se favorece el desarrollo motriz, cognitivo, sensorial, comunicativo y afectivo mediante el juego y el movimiento.[\/vc_column_text][vc_empty_space][vc_single_image image=\u00bb2926&#8243; img_size=\u00bbfull\u00bb qode_css_animation=\u00bb\u00bb]    <\/div>\n<\/div><h4 class=\"clearfix qode-title-holder\">\n<span class=\"qode-tab-title\">\n\t    <span class=\"qode-tab-title-inner\">\n        TRABAJO POR RINCONES    <\/span>\n<\/span>\n<span class=\"qode-accordion-mark\">\n    <span class=\"qode-accordion-mark-icon\">\n        <span class=\"icon_plus\"><\/span>\n        <span class=\"icon_minus-06\"><\/span>\n    <\/span>\n<\/span>\n<\/h4>\n<div  class=\"qode-accordion-content \" >\n    <div class=\"qode-accordion-content-inner\">\n        [vc_column_text]Nos organizamos con diferentes espacios y peque\u00f1os grupos para educar la autonom\u00eda: rincones de juego did\u00e1ctico y rincones de juego simb\u00f3lico.[\/vc_column_text][vc_empty_space][vc_single_image image=\u00bb2918&#8243; img_size=\u00bbfull\u00bb qode_css_animation=\u00bb\u00bb]    <\/div>\n<\/div><h4 class=\"clearfix qode-title-holder\">\n<span class=\"qode-tab-title\">\n\t    <span class=\"qode-tab-title-inner\">\n        TRABAJO POR PROYECTOS    <\/span>\n<\/span>\n<span class=\"qode-accordion-mark\">\n    <span class=\"qode-accordion-mark-icon\">\n        <span class=\"icon_plus\"><\/span>\n        <span class=\"icon_minus-06\"><\/span>\n    <\/span>\n<\/span>\n<\/h4>\n<div  class=\"qode-accordion-content \" >\n    <div class=\"qode-accordion-content-inner\">\n        [vc_column_text]Partimos de diferentes situaciones de ense\u00f1anza-aprendizaje y de la curiosidad e inquietudes de los ni\u00f1os para llevar a cabo un trabajo de investigaci\u00f3n interdisciplinar y cooperativo.[\/vc_column_text][vc_empty_space][vc_single_image image=\u00bb2920&#8243; img_size=\u00bbfull\u00bb qode_css_animation=\u00bb\u00bb]    <\/div>\n<\/div><h4 class=\"clearfix qode-title-holder\">\n<span class=\"qode-tab-title\">\n\t    <span class=\"qode-tab-title-inner\">\n        TALLERES INTERACTIVOS    <\/span>\n<\/span>\n<span class=\"qode-accordion-mark\">\n    <span class=\"qode-accordion-mark-icon\">\n        <span class=\"icon_plus\"><\/span>\n        <span class=\"icon_minus-06\"><\/span>\n    <\/span>\n<\/span>\n<\/h4>\n<div  class=\"qode-accordion-content \" >\n    <div class=\"qode-accordion-content-inner\">\n        [vc_column_text]Aprendemos mediante la experimentaci\u00f3n, la exploraci\u00f3n, el descubrimiento y la motivaci\u00f3n con compa\u00f1eros de diferentes edades: emociones, modelado, construcciones, cuentos\u2026<br \/>\n[\/vc_column_text][vc_empty_space][vc_single_image image=\u00bb2914&#8243; img_size=\u00bbfull\u00bb qode_css_animation=\u00bb\u00bb]    <\/div>\n<\/div><h4 class=\"clearfix qode-title-holder\">\n<span class=\"qode-tab-title\">\n\t    <span class=\"qode-tab-title-inner\">\n        PLAN DE INTERIORIDAD MirarTE    <\/span>\n<\/span>\n<span class=\"qode-accordion-mark\">\n    <span class=\"qode-accordion-mark-icon\">\n        <span class=\"icon_plus\"><\/span>\n        <span class=\"icon_minus-06\"><\/span>\n    <\/span>\n<\/span>\n<\/h4>\n<div  class=\"qode-accordion-content \" >\n    <div class=\"qode-accordion-content-inner\">\n        [vc_column_text]Con nuestro Plan de Interioridad les acompa\u00f1amos a conocerse y a descubrir su riqueza interior para ayudarles a acercarse a los dem\u00e1s, al mundo y a Dios.[\/vc_column_text][vc_empty_space][vc_single_image image=\u00bb2927&#8243; img_size=\u00bbfull\u00bb qode_css_animation=\u00bb\u00bb][vc_single_image image=\u00bb2915&#8243; img_size=\u00bbfull\u00bb qode_css_animation=\u00bb\u00bb]    <\/div>\n<\/div><h4 class=\"clearfix qode-title-holder\">\n<span class=\"qode-tab-title\">\n\t    <span class=\"qode-tab-title-inner\">\n        PLAN DE ACCI\u00d3N TUTORIAL Acompa\u00f1arTE    <\/span>\n<\/span>\n<span class=\"qode-accordion-mark\">\n    <span class=\"qode-accordion-mark-icon\">\n        <span class=\"icon_plus\"><\/span>\n        <span class=\"icon_minus-06\"><\/span>\n    <\/span>\n<\/span>\n<\/h4>\n<div  class=\"qode-accordion-content \" >\n    <div class=\"qode-accordion-content-inner\">\n        [vc_column_text]Ponemos el acento en la educaci\u00f3n integral de nuestro alumnado y le acompa\u00f1amos en su crecimiento personal, social y emocional con un plan de acci\u00f3n tutorial propio.<\/p>\n<p>&nbsp;<\/p>\n<p><img loading=\"lazy\" decoding=\"async\" class=\"wp-image-2394 size-full aligncenter\" src=\"https:\/\/tarragona.escolateresiana.com\/wp-content\/uploads\/2023\/11\/logo_acompanyarte_72ppp_digital.png\" alt=\"\" width=\"283\" height=\"283\" srcset=\"https:\/\/tarragona.escolateresiana.com\/wp-content\/uploads\/2023\/11\/logo_acompanyarte_72ppp_digital.png 283w, https:\/\/tarragona.escolateresiana.com\/wp-content\/uploads\/2023\/11\/logo_acompanyarte_72ppp_digital-150x150.png 150w\" sizes=\"auto, (max-width: 283px) 100vw, 283px\" \/>[\/vc_column_text][vc_single_image image=\u00bb2925&#8243; img_size=\u00bbfull\u00bb qode_css_animation=\u00bb\u00bb]    <\/div>\n<\/div><\/div>[\/vc_column][vc_column css_animation=\u00bbfadeIn\u00bb width=\u00bb1\/2&#8243; css=\u00bb.vc_custom_1673357373559{padding-top: 30px !important;padding-right: 30px !important;padding-bottom: 30px !important;padding-left: 30px !important;background-color: #f2cc74 !important;}\u00bb]<div class=\"qode-accordion-holder clearfix qode-toggle qode-initial \">\n\t<h4 class=\"clearfix qode-title-holder\">\n<span class=\"qode-tab-title\">\n\t    <span class=\"qode-tab-title-inner\">\n        LENGUAJE DIGITAL    <\/span>\n<\/span>\n<span class=\"qode-accordion-mark\">\n    <span class=\"qode-accordion-mark-icon\">\n        <span class=\"icon_plus\"><\/span>\n        <span class=\"icon_minus-06\"><\/span>\n    <\/span>\n<\/span>\n<\/h4>\n<div  class=\"qode-accordion-content \" >\n    <div class=\"qode-accordion-content-inner\">\n        [vc_column_text]Aprovechamos diferentes actividades de programaci\u00f3n con robots para mejorar su capacidad de concentraci\u00f3n, habilidades psicomotrices y sociales, y la resoluci\u00f3n de problemas.[\/vc_column_text]    <\/div>\n<\/div><h4 class=\"clearfix qode-title-holder\">\n<span class=\"qode-tab-title\">\n\t    <span class=\"qode-tab-title-inner\">\n        PROYECTO LLUVIA    <\/span>\n<\/span>\n<span class=\"qode-accordion-mark\">\n    <span class=\"qode-accordion-mark-icon\">\n        <span class=\"icon_plus\"><\/span>\n        <span class=\"icon_minus-06\"><\/span>\n    <\/span>\n<\/span>\n<\/h4>\n<div  class=\"qode-accordion-content \" >\n    <div class=\"qode-accordion-content-inner\">\n        [vc_column_text]Con nuestro proyecto de religi\u00f3n les acompa\u00f1amos en su despertar religioso inici\u00e1ndolos en el conocimiento de los valores y elementos b\u00e1sicos de la fe cristiana.[\/vc_column_text][vc_empty_space][vc_single_image image=\u00bb2921&#8243; img_size=\u00bbfull\u00bb qode_css_animation=\u00bb\u00bb][vc_single_image image=\u00bb2928&#8243; img_size=\u00bbfull\u00bb qode_css_animation=\u00bb\u00bb]    <\/div>\n<\/div><h4 class=\"clearfix qode-title-holder\">\n<span class=\"qode-tab-title\">\n\t    <span class=\"qode-tab-title-inner\">\n        LENGUAJE MUSICAL    <\/span>\n<\/span>\n<span class=\"qode-accordion-mark\">\n    <span class=\"qode-accordion-mark-icon\">\n        <span class=\"icon_plus\"><\/span>\n        <span class=\"icon_minus-06\"><\/span>\n    <\/span>\n<\/span>\n<\/h4>\n<div  class=\"qode-accordion-content \" >\n    <div class=\"qode-accordion-content-inner\">\n        [vc_column_text]Descubrimos la sensibilidad y el gusto por diferentes experiencias sonoras y musicales favoreciendo capacidades perceptivas, creativas, expresivas y comunicativas.<\/p>\n<p>&nbsp;<\/p>\n<p>Toman conciencia de su propio cuerpo y afianzan as\u00ed su personalidad.[\/vc_column_text][vc_empty_space][vc_single_image image=\u00bb2922&#8243; img_size=\u00bbfull\u00bb qode_css_animation=\u00bb\u00bb]    <\/div>\n<\/div><h4 class=\"clearfix qode-title-holder\">\n<span class=\"qode-tab-title\">\n\t    <span class=\"qode-tab-title-inner\">\n        ATENCI\u00d3N A LA DIVERSIDAD    <\/span>\n<\/span>\n<span class=\"qode-accordion-mark\">\n    <span class=\"qode-accordion-mark-icon\">\n        <span class=\"icon_plus\"><\/span>\n        <span class=\"icon_minus-06\"><\/span>\n    <\/span>\n<\/span>\n<\/h4>\n<div  class=\"qode-accordion-content \" >\n    <div class=\"qode-accordion-content-inner\">\n        [vc_column_text]La diversidad es riqueza. Atendemos de forma personalizada las necesidades de nuestros ni\u00f1os y ni\u00f1as para conseguir el m\u00e1ximo desarrollo de sus capacidades.[\/vc_column_text]    <\/div>\n<\/div><h4 class=\"clearfix qode-title-holder\">\n<span class=\"qode-tab-title\">\n\t    <span class=\"qode-tab-title-inner\">\n        H\u00c1BITOS Y RUTINAS    <\/span>\n<\/span>\n<span class=\"qode-accordion-mark\">\n    <span class=\"qode-accordion-mark-icon\">\n        <span class=\"icon_plus\"><\/span>\n        <span class=\"icon_minus-06\"><\/span>\n    <\/span>\n<\/span>\n<\/h4>\n<div  class=\"qode-accordion-content \" >\n    <div class=\"qode-accordion-content-inner\">\n        [vc_column_text]Trabajamos la adquisici\u00f3n de h\u00e1bitos y rutinas que facilitan la socializaci\u00f3n y el desarrollo de la autonom\u00eda, generando seguridad, confianza y orden.<br \/>\n[\/vc_column_text]    <\/div>\n<\/div><h4 class=\"clearfix qode-title-holder\">\n<span class=\"qode-tab-title\">\n\t    <span class=\"qode-tab-title-inner\">\n        EDUCACI\u00d3N EMOCIONAL    <\/span>\n<\/span>\n<span class=\"qode-accordion-mark\">\n    <span class=\"qode-accordion-mark-icon\">\n        <span class=\"icon_plus\"><\/span>\n        <span class=\"icon_minus-06\"><\/span>\n    <\/span>\n<\/span>\n<\/h4>\n<div  class=\"qode-accordion-content \" >\n    <div class=\"qode-accordion-content-inner\">\n        [vc_column_text]Educamos en positivo y ponemos especial atenci\u00f3n en la educaci\u00f3n emocional de nuestros ni\u00f1os. Es muy importante conocer las propias emociones y las de otros, y adquirir herramientas para la resoluci\u00f3n de problemas cotidianos.[\/vc_column_text][vc_empty_space][vc_single_image image=\u00bb2924&#8243; img_size=\u00bbfull\u00bb qode_css_animation=\u00bb\u00bb]    <\/div>\n<\/div><h4 class=\"clearfix qode-title-holder\">\n<span class=\"qode-tab-title\">\n\t    <span class=\"qode-tab-title-inner\">\n        COMPROMETIDOS CON EL MUNDO    <\/span>\n<\/span>\n<span class=\"qode-accordion-mark\">\n    <span class=\"qode-accordion-mark-icon\">\n        <span class=\"icon_plus\"><\/span>\n        <span class=\"icon_minus-06\"><\/span>\n    <\/span>\n<\/span>\n<\/h4>\n<div  class=\"qode-accordion-content \" >\n    <div class=\"qode-accordion-content-inner\">\n        [vc_column_text]Queremos despertarles la sensibilidad por el cuidado del otro y del planeta, y trabajamos la sostenibilidad y la solidaridad para conseguir el compromiso con un mundo mejor (ODS).[\/vc_column_text][vc_empty_space][vc_single_image image=\u00bb2923&#8243; img_size=\u00bbfull\u00bb qode_css_animation=\u00bb\u00bb]    <\/div>\n<\/div><h4 class=\"clearfix qode-title-holder\">\n<span class=\"qode-tab-title\">\n\t    <span class=\"qode-tab-title-inner\">\n        ESCUELA VERDE    <\/span>\n<\/span>\n<span class=\"qode-accordion-mark\">\n    <span class=\"qode-accordion-mark-icon\">\n        <span class=\"icon_plus\"><\/span>\n        <span class=\"icon_minus-06\"><\/span>\n    <\/span>\n<\/span>\n<\/h4>\n<div  class=\"qode-accordion-content \" >\n    <div class=\"qode-accordion-content-inner\">\n        [vc_column_text]Promovemos procesos de aprendizaje vinculados con la educaci\u00f3n ambiental impulsando pr\u00e1cticas sostenibles responsables para la conservaci\u00f3n y mejora de nuestro entorno.[\/vc_column_text]    <\/div>\n<\/div><h4 class=\"clearfix qode-title-holder\">\n<span class=\"qode-tab-title\">\n\t    <span class=\"qode-tab-title-inner\">\n        BITS DE INTELIGENCIA    <\/span>\n<\/span>\n<span class=\"qode-accordion-mark\">\n    <span class=\"qode-accordion-mark-icon\">\n        <span class=\"icon_plus\"><\/span>\n        <span class=\"icon_minus-06\"><\/span>\n    <\/span>\n<\/span>\n<\/h4>\n<div  class=\"qode-accordion-content \" >\n    <div class=\"qode-accordion-content-inner\">\n        [vc_column_text]Ayudamos al ni\u00f1o a aumentar su vocabulario a partir de fotograf\u00edas, dibujos o ilustraciones[\/vc_column_text]    <\/div>\n<\/div><h4 class=\"clearfix qode-title-holder\">\n<span class=\"qode-tab-title\">\n\t    <span class=\"qode-tab-title-inner\">\n        RECURSO SIEI    <\/span>\n<\/span>\n<span class=\"qode-accordion-mark\">\n    <span class=\"qode-accordion-mark-icon\">\n        <span class=\"icon_plus\"><\/span>\n        <span class=\"icon_minus-06\"><\/span>\n    <\/span>\n<\/span>\n<\/h4>\n<div  class=\"qode-accordion-content \" >\n    <div class=\"qode-accordion-content-inner\">\n        [vc_column_text]Contribuimos a la inclusi\u00f3n del alumnado con necesidades educativas especiales derivadas de limitaciones muy significativas y que requieren medidas y soportes intensivos para poder relacionarse, participar y aprender.[\/vc_column_text]    <\/div>\n<\/div><\/div>[\/vc_column][\/vc_row][vc_row css_animation=\u00bb\u00bb row_type=\u00bbrow\u00bb use_row_as_full_screen_section=\u00bbno\u00bb type=\u00bbfull_width\u00bb angled_section=\u00bbno\u00bb text_align=\u00bbleft\u00bb background_image_as_pattern=\u00bbwithout_pattern\u00bb][vc_column][vc_empty_space height=\u00bb90px\u00bb][\/vc_column][\/vc_row][vc_row css_animation=\u00bb\u00bb row_type=\u00bbrow\u00bb use_row_as_full_screen_section=\u00bbno\u00bb type=\u00bbfull_width\u00bb angled_section=\u00bbno\u00bb text_align=\u00bbleft\u00bb background_image_as_pattern=\u00bbwithout_pattern\u00bb][vc_column][vc_gallery type=\u00bbimage_grid\u00bb images=\u00bb3016,3017,3018,3019&#8243; img_size=\u00bbfull\u00bb column_number=\u00bb4&#8243; grayscale=\u00bbno\u00bb images_space=\u00bbgallery_without_space\u00bb][\/vc_column][\/vc_row]<\/p>\n","protected":false},"excerpt":{"rendered":"<p>[vc_row css_animation=\u00bb\u00bb row_type=\u00bbrow\u00bb use_row_as_full_screen_section=\u00bbno\u00bb type=\u00bbfull_width\u00bb angled_section=\u00bbno\u00bb text_align=\u00bbleft\u00bb background_image_as_pattern=\u00bbwithout_pattern\u00bb][vc_column][\/vc_column][\/vc_row][vc_row css_animation=\u00bb\u00bb row_type=\u00bbrow\u00bb use_row_as_full_screen_section=\u00bbno\u00bb type=\u00bbfull_width\u00bb angled_section=\u00bbno\u00bb text_align=\u00bbleft\u00bb background_image_as_pattern=\u00bbwithout_pattern\u00bb][vc_column][qode_elements_holder number_of_columns=\u00bbtwo_columns\u00bb][qode_elements_holder_item advanced_animations=\u00bbno\u00bb][vc_single_image image=\u00bb3015&#8243; img_size=\u00bbfull\u00bb qode_css_animation=\u00bb\u00bb][\/qode_elements_holder_item][qode_elements_holder_item cover=\u00bbyes\u00bb advanced_animations=\u00bbno\u00bb item_padding=\u00bb0px 30px 0px 30px\u00bb background_image=\u00bb704&#8243;][vc_column_text] Infantil &nbsp; Los grandes descubrimientos &nbsp; En Educaci\u00f3n Infantil acompa\u00f1amos a los ni\u00f1os y ni\u00f1as y colaboramos en&#8230;<\/p>\n","protected":false},"author":1,"featured_media":0,"parent":0,"menu_order":0,"comment_status":"closed","ping_status":"closed","template":"full_width.php","meta":{"_monsterinsights_skip_tracking":false,"_monsterinsights_sitenote_active":false,"_monsterinsights_sitenote_note":"","_monsterinsights_sitenote_category":0,"footnotes":""},"class_list":["post-3128","page","type-page","status-publish","hentry"],"_links":{"self":[{"href":"https:\/\/tarragona.escolateresiana.com\/es\/wp-json\/wp\/v2\/pages\/3128","targetHints":{"allow":["GET"]}}],"collection":[{"href":"https:\/\/tarragona.escolateresiana.com\/es\/wp-json\/wp\/v2\/pages"}],"about":[{"href":"https:\/\/tarragona.escolateresiana.com\/es\/wp-json\/wp\/v2\/types\/page"}],"author":[{"embeddable":true,"href":"https:\/\/tarragona.escolateresiana.com\/es\/wp-json\/wp\/v2\/users\/1"}],"replies":[{"embeddable":true,"href":"https:\/\/tarragona.escolateresiana.com\/es\/wp-json\/wp\/v2\/comments?post=3128"}],"version-history":[{"count":7,"href":"https:\/\/tarragona.escolateresiana.com\/es\/wp-json\/wp\/v2\/pages\/3128\/revisions"}],"predecessor-version":[{"id":3500,"href":"https:\/\/tarragona.escolateresiana.com\/es\/wp-json\/wp\/v2\/pages\/3128\/revisions\/3500"}],"wp:attachment":[{"href":"https:\/\/tarragona.escolateresiana.com\/es\/wp-json\/wp\/v2\/media?parent=3128"}],"curies":[{"name":"wp","href":"https:\/\/api.w.org\/{rel}","templated":true}]}}