{"id":3126,"date":"2022-05-06T09:25:46","date_gmt":"2022-05-06T09:25:46","guid":{"rendered":"https:\/\/tarragona.escolateresiana.com\/fundacion-escuela-teresiana\/"},"modified":"2024-03-20T07:48:11","modified_gmt":"2024-03-20T07:48:11","slug":"fundacion-escuela-teresiana","status":"publish","type":"page","link":"https:\/\/tarragona.escolateresiana.com\/es\/fundacion-escuela-teresiana\/","title":{"rendered":"Fundaci\u00f3n Escuela Teresiana"},"content":{"rendered":"<p>[vc_row css_animation=\u00bb\u00bb row_type=\u00bbrow\u00bb use_row_as_full_screen_section=\u00bbno\u00bb type=\u00bbfull_width\u00bb angled_section=\u00bbno\u00bb text_align=\u00bbleft\u00bb background_image_as_pattern=\u00bbwithout_pattern\u00bb][vc_column][qode_elements_holder number_of_columns=\u00bbtwo_columns\u00bb][qode_elements_holder_item advanced_animations=\u00bbno\u00bb item_padding=\u00bb0px 60px 0px 60px\u00bb][vc_column_text]<\/p>\n<h2><span style=\"color: #45ac34;\">La Fundaci\u00f3n<\/span><\/h2>\n<p>&nbsp;<\/p>\n<p>La entidad titular de nuestra escuela es la <strong>Fundaci\u00f3n Escuela Teresiana<\/strong>, creada por la Compa\u00f1\u00eda de Santa Teresa de Jes\u00fas en diciembre de 2009. Surge como respuesta a los retos de nuestro mundo desde el \u00e1mbito educativo: la globalizaci\u00f3n, las nuevas tecnolog\u00edas, la multiculturalidad, la secularizaci\u00f3n, as\u00ed como los cambios legislativos que requieren una constante actualizaci\u00f3n. Esta gran familia est\u00e1 formada por veintiuna escuelas en Espa\u00f1a.<\/p>\n<p>&nbsp;<\/p>\n<p>Su finalidad es educativa, de acuerdo con el esp\u00edritu evang\u00e9lico, la doctrina de la Iglesia Cat\u00f3lica y el carisma teresiano de San Enrique de Oss\u00f3, expresado en el Car\u00e1cter Propio de la entidad fundadora. La Fundaci\u00f3n es una entidad privada de \u00e1mbito estatal, con fines de inter\u00e9s general y sin \u00e1nimo de lucro.<\/p>\n<p>&nbsp;<\/p>\n<p><strong>Para m\u00e1s informaci\u00f3n,<\/strong>[\/vc_column_text][vc_empty_space height=\u00bb20px\u00bb]<div class='image_hover ' style='' data-transition-delay=''><div class='images_holder'><a itemprop='url' href='https:\/\/escuelateresiana.com\/' target='_blank'><img itemprop='image' class='active_image ' src='https:\/\/tarragona.escolateresiana.com\/wp-content\/uploads\/2022\/05\/logo-fundacion-escuela-teresiana-2.png' alt='' style='' \/><img itemprop='image' class='hover_image' src='https:\/\/tarragona.escolateresiana.com\/wp-content\/uploads\/2022\/05\/logo-fundacion-escuela-teresiana-gris.png' alt='' style='' \/><\/a><\/div><\/div>[\/qode_elements_holder_item][qode_elements_holder_item advanced_animations=\u00bbno\u00bb][vc_single_image image=\u00bb2997&#8243; img_size=\u00bbfull\u00bb qode_css_animation=\u00bb\u00bb][\/qode_elements_holder_item][\/qode_elements_holder][\/vc_column][\/vc_row][vc_row css_animation=\u00bbelement_from_right\u00bb row_type=\u00bbrow\u00bb use_row_as_full_screen_section=\u00bbno\u00bb type=\u00bbfull_width\u00bb angled_section=\u00bbno\u00bb text_align=\u00bbleft\u00bb background_image_as_pattern=\u00bbwithout_pattern\u00bb css=\u00bb.vc_custom_1668441531498{background-color: #ffffff !important;}\u00bb z_index=\u00bb\u00bb][vc_column css_animation=\u00bbfadeIn\u00bb][vc_empty_space][vc_column_text]<\/p>\n<h3><span style=\"color: #45ac34; margin-left: 60px;\">NUESTRA ESENCIA<\/span><\/h3>\n<p>[\/vc_column_text][vc_empty_space][qode_elements_holder number_of_columns=\u00bbfour_columns\u00bb][qode_elements_holder_item advanced_animations=\u00bbno\u00bb item_padding=\u00bb0px 60px 0px 60px\u00bb][vc_column_text]<strong>Origen:<\/strong><\/p>\n<p>&nbsp;<\/p>\n<p>San Enrique de Oss\u00f3, como fundador de la Compa\u00f1\u00eda, y Santa Teresa de Jes\u00fas, como inspiradora de la labor educativa de las <strong>teresianas<\/strong>[\/vc_column_text][\/qode_elements_holder_item][qode_elements_holder_item advanced_animations=\u00bbno\u00bb][vc_column_text]<img loading=\"lazy\" decoding=\"async\" class=\"alignnone wp-image-1891 size-full\" src=\"https:\/\/tarragona.escolateresiana.com\/wp-content\/uploads\/2023\/02\/FOTO_15-Galeria-de-pagina-escuela.jpg\" alt=\"\" width=\"2135\" height=\"1601\" srcset=\"https:\/\/tarragona.escolateresiana.com\/wp-content\/uploads\/2023\/02\/FOTO_15-Galeria-de-pagina-escuela.jpg 2135w, https:\/\/tarragona.escolateresiana.com\/wp-content\/uploads\/2023\/02\/FOTO_15-Galeria-de-pagina-escuela-300x225.jpg 300w, https:\/\/tarragona.escolateresiana.com\/wp-content\/uploads\/2023\/02\/FOTO_15-Galeria-de-pagina-escuela-1024x768.jpg 1024w, https:\/\/tarragona.escolateresiana.com\/wp-content\/uploads\/2023\/02\/FOTO_15-Galeria-de-pagina-escuela-768x576.jpg 768w, https:\/\/tarragona.escolateresiana.com\/wp-content\/uploads\/2023\/02\/FOTO_15-Galeria-de-pagina-escuela-1536x1152.jpg 1536w, https:\/\/tarragona.escolateresiana.com\/wp-content\/uploads\/2023\/02\/FOTO_15-Galeria-de-pagina-escuela-2048x1536.jpg 2048w, https:\/\/tarragona.escolateresiana.com\/wp-content\/uploads\/2023\/02\/FOTO_15-Galeria-de-pagina-escuela-800x600.jpg 800w, https:\/\/tarragona.escolateresiana.com\/wp-content\/uploads\/2023\/02\/FOTO_15-Galeria-de-pagina-escuela-700x525.jpg 700w\" sizes=\"auto, (max-width: 2135px) 100vw, 2135px\" \/>[\/vc_column_text][\/qode_elements_holder_item][qode_elements_holder_item advanced_animations=\u00bbno\u00bb item_padding=\u00bb0px 60px 0px 60px\u00bb][vc_column_text]<strong>Finalidad:<\/strong><\/p>\n<p>&nbsp;<\/p>\n<p>Formar a personas capaces de vivir:<\/p>\n<ul>\n<li>desde dentro<\/li>\n<li>en relaci\u00f3n con el pr\u00f3jimo y con la realidad<\/li>\n<li>abiertas a la trascendencia ya la relaci\u00f3n con Dios<\/li>\n<\/ul>\n<p>[\/vc_column_text][\/qode_elements_holder_item][qode_elements_holder_item advanced_animations=\u00bbno\u00bb][vc_column_text]<img loading=\"lazy\" decoding=\"async\" class=\"alignnone wp-image-1893 size-full\" src=\"https:\/\/tarragona.escolateresiana.com\/wp-content\/uploads\/2023\/02\/FOTO_17-Galeria-de-pagina-escuela.jpg\" alt=\"\" width=\"2134\" height=\"1601\" srcset=\"https:\/\/tarragona.escolateresiana.com\/wp-content\/uploads\/2023\/02\/FOTO_17-Galeria-de-pagina-escuela.jpg 2134w, https:\/\/tarragona.escolateresiana.com\/wp-content\/uploads\/2023\/02\/FOTO_17-Galeria-de-pagina-escuela-300x225.jpg 300w, https:\/\/tarragona.escolateresiana.com\/wp-content\/uploads\/2023\/02\/FOTO_17-Galeria-de-pagina-escuela-1024x768.jpg 1024w, https:\/\/tarragona.escolateresiana.com\/wp-content\/uploads\/2023\/02\/FOTO_17-Galeria-de-pagina-escuela-768x576.jpg 768w, https:\/\/tarragona.escolateresiana.com\/wp-content\/uploads\/2023\/02\/FOTO_17-Galeria-de-pagina-escuela-1536x1152.jpg 1536w, https:\/\/tarragona.escolateresiana.com\/wp-content\/uploads\/2023\/02\/FOTO_17-Galeria-de-pagina-escuela-2048x1536.jpg 2048w, https:\/\/tarragona.escolateresiana.com\/wp-content\/uploads\/2023\/02\/FOTO_17-Galeria-de-pagina-escuela-800x600.jpg 800w, https:\/\/tarragona.escolateresiana.com\/wp-content\/uploads\/2023\/02\/FOTO_17-Galeria-de-pagina-escuela-700x525.jpg 700w\" sizes=\"auto, (max-width: 2134px) 100vw, 2134px\" \/>[\/vc_column_text][\/qode_elements_holder_item][\/qode_elements_holder][qode_elements_holder number_of_columns=\u00bbfour_columns\u00bb][qode_elements_holder_item advanced_animations=\u00bbno\u00bb][vc_single_image image=\u00bb2806&#8243; img_size=\u00bbfull\u00bb qode_css_animation=\u00bb\u00bb][\/qode_elements_holder_item][qode_elements_holder_item advanced_animations=\u00bbno\u00bb item_padding=\u00bb0px 60px 0px 60px\u00bb][vc_column_text]<strong>Misi\u00f3n:<\/strong><\/p>\n<p>&nbsp;<\/p>\n<p>Educar de forma integral a cada persona para que sea sujeto de encuentro y transformador social, seg\u00fan el carisma teresiano de Enrique de Oss\u00f3.[\/vc_column_text][\/qode_elements_holder_item][qode_elements_holder_item advanced_animations=\u00bbno\u00bb][vc_column_text]<img loading=\"lazy\" decoding=\"async\" class=\"alignnone wp-image-1892 size-full\" src=\"https:\/\/tarragona.escolateresiana.com\/wp-content\/uploads\/2023\/02\/FOTO_16-Galeria-de-pagina-escuela.jpg\" alt=\"\" width=\"2135\" height=\"1601\" srcset=\"https:\/\/tarragona.escolateresiana.com\/wp-content\/uploads\/2023\/02\/FOTO_16-Galeria-de-pagina-escuela.jpg 2135w, https:\/\/tarragona.escolateresiana.com\/wp-content\/uploads\/2023\/02\/FOTO_16-Galeria-de-pagina-escuela-300x225.jpg 300w, https:\/\/tarragona.escolateresiana.com\/wp-content\/uploads\/2023\/02\/FOTO_16-Galeria-de-pagina-escuela-1024x768.jpg 1024w, https:\/\/tarragona.escolateresiana.com\/wp-content\/uploads\/2023\/02\/FOTO_16-Galeria-de-pagina-escuela-768x576.jpg 768w, https:\/\/tarragona.escolateresiana.com\/wp-content\/uploads\/2023\/02\/FOTO_16-Galeria-de-pagina-escuela-1536x1152.jpg 1536w, https:\/\/tarragona.escolateresiana.com\/wp-content\/uploads\/2023\/02\/FOTO_16-Galeria-de-pagina-escuela-2048x1536.jpg 2048w, https:\/\/tarragona.escolateresiana.com\/wp-content\/uploads\/2023\/02\/FOTO_16-Galeria-de-pagina-escuela-800x600.jpg 800w, https:\/\/tarragona.escolateresiana.com\/wp-content\/uploads\/2023\/02\/FOTO_16-Galeria-de-pagina-escuela-700x525.jpg 700w\" sizes=\"auto, (max-width: 2135px) 100vw, 2135px\" \/>[\/vc_column_text][\/qode_elements_holder_item][qode_elements_holder_item advanced_animations=\u00bbno\u00bb item_padding=\u00bb0px 60px 0px 60px\u00bb][vc_column_text]<strong>Estilo:<\/strong><\/p>\n<p>&nbsp;<\/p>\n<p>Se basa en el valor educativo del encuentro y la relaci\u00f3n. Nuestra escuela es:<\/p>\n<ul>\n<li>escuela en Pastoral<\/li>\n<li>escuela abierta<\/li>\n<li>escuela que opta por la persona<\/li>\n<li>escuela de calidad<\/li>\n<\/ul>\n<p>[\/vc_column_text][\/qode_elements_holder_item][\/qode_elements_holder][\/vc_column][\/vc_row][vc_row css_animation=\u00bb\u00bb row_type=\u00bbrow\u00bb use_row_as_full_screen_section=\u00bbno\u00bb type=\u00bbfull_width\u00bb angled_section=\u00bbno\u00bb text_align=\u00bbleft\u00bb background_image_as_pattern=\u00bbwithout_pattern\u00bb][vc_column][vc_empty_space height=\u00bb60px\u00bb][vc_column_text]<\/p>\n<h3><span style=\"color: #45ac34; margin-left: 60px;\">DESCARGAR DOCUMENTOS<\/span><\/h3>\n<p>[\/vc_column_text][vc_empty_space height=\u00bb50px\u00bb][qode_elements_holder number_of_columns=\u00bbthree_columns\u00bb][qode_elements_holder_item advanced_animations=\u00bbno\u00bb][vc_single_image image=\u00bb2507&#8243; img_size=\u00bbfull\u00bb alignment=\u00bbcenter\u00bb onclick=\u00bbcustom_link\u00bb img_link_target=\u00bb_blank\u00bb qode_css_animation=\u00bb\u00bb link=\u00bbhttps:\/\/tarragona.escolateresiana.com\/wp-content\/uploads\/2023\/01\/PDF_PEI_LOW.pdf\u00bb][vc_empty_space][vc_column_text]<\/p>\n<p style=\"text-align: center;\"><a href=\"https:\/\/tarragona.escolateresiana.com\/wp-content\/uploads\/2023\/01\/PDF_PEI_LOW.pdf\" target=\"_blank\" rel=\"noopener\">Proyecto Educativo Institucional (PEI)<\/a> .<\/p>\n<p>[\/vc_column_text][vc_empty_space][\/qode_elements_holder_item][qode_elements_holder_item advanced_animations=\u00bbno\u00bb][vc_single_image image=\u00bb3516&#8243; img_size=\u00bbfull\u00bb alignment=\u00bbcenter\u00bb onclick=\u00bbcustom_link\u00bb img_link_target=\u00bb_blank\u00bb qode_css_animation=\u00bb\u00bb link=\u00bbhttps:\/\/tarragona.escolateresiana.com\/wp-content\/uploads\/2023\/01\/propuesta_educativa_teresiana.pdf\u00bb][vc_empty_space][vc_column_text]<\/p>\n<p style=\"text-align: center;\"><a href=\"https:\/\/tarragona.escolateresiana.com\/wp-content\/uploads\/2023\/01\/propuesta_educativa_teresiana.pdf\" target=\"_blank\" rel=\"noopener\">Propuesta Educativa Teresiana (PET)<\/a><\/p>\n<p>[\/vc_column_text][vc_empty_space][\/qode_elements_holder_item][qode_elements_holder_item advanced_animations=\u00bbno\u00bb][vc_single_image image=\u00bb3510&#8243; img_size=\u00bbfull\u00bb alignment=\u00bbcenter\u00bb onclick=\u00bbcustom_link\u00bb img_link_target=\u00bb_blank\u00bb qode_css_animation=\u00bb\u00bb link=\u00bbhttps:\/\/tarragona.escolateresiana.com\/wp-content\/uploads\/2023\/01\/identidad_de_la_escuela_teresiana.pdf\u00bb][vc_empty_space][vc_column_text]<\/p>\n<p style=\"text-align: center;\"><a href=\"https:\/\/tarragona.escolateresiana.com\/wp-content\/uploads\/2023\/01\/identidad_de_la_escuela_teresiana.pdf\" target=\"_blank\" rel=\"noopener\">Identidad de la Escuela Teresiana<\/a><\/p>\n<p>[\/vc_column_text][vc_empty_space][\/qode_elements_holder_item][\/qode_elements_holder][\/vc_column][\/vc_row]<\/p>\n","protected":false},"excerpt":{"rendered":"<p>[vc_row css_animation=\u00bb\u00bb row_type=\u00bbrow\u00bb use_row_as_full_screen_section=\u00bbno\u00bb type=\u00bbfull_width\u00bb angled_section=\u00bbno\u00bb text_align=\u00bbleft\u00bb background_image_as_pattern=\u00bbwithout_pattern\u00bb][vc_column][qode_elements_holder number_of_columns=\u00bbtwo_columns\u00bb][qode_elements_holder_item advanced_animations=\u00bbno\u00bb item_padding=\u00bb0px 60px 0px 60px\u00bb][vc_column_text] La Fundaci\u00f3n &nbsp; La entidad titular de nuestra escuela es la Fundaci\u00f3n Escuela Teresiana, creada por la Compa\u00f1\u00eda de Santa Teresa de Jes\u00fas en diciembre de 2009. Surge como respuesta a&#8230;<\/p>\n","protected":false},"author":1,"featured_media":0,"parent":0,"menu_order":0,"comment_status":"closed","ping_status":"closed","template":"full_width.php","meta":{"_monsterinsights_skip_tracking":false,"_monsterinsights_sitenote_active":false,"_monsterinsights_sitenote_note":"","_monsterinsights_sitenote_category":0,"footnotes":""},"class_list":["post-3126","page","type-page","status-publish","hentry"],"_links":{"self":[{"href":"https:\/\/tarragona.escolateresiana.com\/es\/wp-json\/wp\/v2\/pages\/3126","targetHints":{"allow":["GET"]}}],"collection":[{"href":"https:\/\/tarragona.escolateresiana.com\/es\/wp-json\/wp\/v2\/pages"}],"about":[{"href":"https:\/\/tarragona.escolateresiana.com\/es\/wp-json\/wp\/v2\/types\/page"}],"author":[{"embeddable":true,"href":"https:\/\/tarragona.escolateresiana.com\/es\/wp-json\/wp\/v2\/users\/1"}],"replies":[{"embeddable":true,"href":"https:\/\/tarragona.escolateresiana.com\/es\/wp-json\/wp\/v2\/comments?post=3126"}],"version-history":[{"count":10,"href":"https:\/\/tarragona.escolateresiana.com\/es\/wp-json\/wp\/v2\/pages\/3126\/revisions"}],"predecessor-version":[{"id":3519,"href":"https:\/\/tarragona.escolateresiana.com\/es\/wp-json\/wp\/v2\/pages\/3126\/revisions\/3519"}],"wp:attachment":[{"href":"https:\/\/tarragona.escolateresiana.com\/es\/wp-json\/wp\/v2\/media?parent=3126"}],"curies":[{"name":"wp","href":"https:\/\/api.w.org\/{rel}","templated":true}]}}