{"id":3114,"date":"2022-05-19T10:32:33","date_gmt":"2022-05-19T10:32:33","guid":{"rendered":"https:\/\/tarragona.escolateresiana.com\/alumnos\/"},"modified":"2024-03-19T10:00:39","modified_gmt":"2024-03-19T10:00:39","slug":"alumnos","status":"publish","type":"page","link":"https:\/\/tarragona.escolateresiana.com\/es\/alumnos\/","title":{"rendered":"Alumnos"},"content":{"rendered":"<p>[vc_row css_animation=\u00bb\u00bb row_type=\u00bbrow\u00bb use_row_as_full_screen_section=\u00bbno\u00bb type=\u00bbfull_width\u00bb angled_section=\u00bbno\u00bb text_align=\u00bbleft\u00bb background_image_as_pattern=\u00bbwithout_pattern\u00bb][vc_column][qode_elements_holder number_of_columns=\u00bbtwo_columns\u00bb][qode_elements_holder_item vertical_alignment=\u00bbmiddle\u00bb advanced_animations=\u00bbno\u00bb item_padding=\u00bb0px 60px 0px 60px\u00bb][vc_column_text]<\/p>\n<h3><span style=\"color: #45ac34;\">ALUMNOS PARA EL FUTURO<\/span><\/h3>\n<p>&nbsp;<\/p>\n<p>Queremos alumnos felices, <strong>capaces de transformar el mundo<\/strong>. Con las metodolog\u00edas, experiencias y espacios que propiciamos, nuestro reto es formar a personas que piensen por s\u00ed solas y que cooperen con los dem\u00e1s en todos los \u00e1mbitos de la vida.[\/vc_column_text][vc_empty_space height=\u00bb20px\u00bb][\/qode_elements_holder_item][qode_elements_holder_item advanced_animations=\u00bbno\u00bb][vc_single_image image=\u00bb2811&#8243; img_size=\u00bbfull\u00bb qode_css_animation=\u00bb\u00bb][\/qode_elements_holder_item][\/qode_elements_holder][\/vc_column][\/vc_row][vc_row css_animation=\u00bbelement_from_right\u00bb row_type=\u00bbrow\u00bb use_row_as_full_screen_section=\u00bbno\u00bb type=\u00bbfull_width\u00bb angled_section=\u00bbno\u00bb text_align=\u00bbleft\u00bb background_image_as_pattern=\u00bbwithout_pattern\u00bb css=\u00bb.vc_custom_1652082657161{background-color: #ffffff !important;}\u00bb z_index=\u00bb\u00bb][vc_column css_animation=\u00bbzoomIn\u00bb][vc_empty_space height=\u00bb90px\u00bb][vc_column_text]<\/p>\n<h2 style=\"text-align: center;\"><span style=\"color: #45ac34; margin-left: 60px;\">#somteresianos <\/span><\/h2>\n<p>[\/vc_column_text][vc_empty_space height=\u00bb90px\u00bb][vc_row_inner row_type=\u00bbrow\u00bb type=\u00bbgrid\u00bb text_align=\u00bbleft\u00bb css_animation=\u00bb\u00bb][vc_column_inner width=\u00bb1\/3&#8243;][vc_single_image image=\u00bb2561&#8243; img_size=\u00bbfull\u00bb alignment=\u00bbcenter\u00bb qode_css_animation=\u00bb\u00bb][vc_empty_space][vc_column_text]<\/p>\n<p style=\"text-align: center;\"><strong>Personas en proceso<\/strong> constante de autoconocimiento, responsables, libres, aut\u00f3nomas y emocionalmente inteligentes.<\/p>\n<p>[\/vc_column_text][vc_empty_space][\/vc_column_inner][vc_column_inner width=\u00bb1\/3&#8243;][vc_single_image image=\u00bb2560&#8243; img_size=\u00bbfull\u00bb alignment=\u00bbcenter\u00bb qode_css_animation=\u00bb\u00bb][vc_empty_space][vc_column_text]<\/p>\n<p style=\"text-align: center;\"><strong>Sujetos de encuentro<\/strong>, abiertos y acogedores, nos relacionamos de manera pac\u00edfica y constructiva, miramos a los dem\u00e1s con cari\u00f1o y respeto, y tenemos capacidad de escucha.<\/p>\n<p>[\/vc_column_text][vc_empty_space][\/vc_column_inner][vc_column_inner width=\u00bb1\/3&#8243;][vc_single_image image=\u00bb2559&#8243; img_size=\u00bbfull\u00bb alignment=\u00bbcenter\u00bb qode_css_animation=\u00bb\u00bb][vc_empty_space][vc_column_text]<\/p>\n<p style=\"text-align: center;\"><strong>Protagonistas de nuestro aprendizaje<\/strong>, competentes en muchos \u00e1mbitos, sabemos trabajar en equipo, somos creativos, activos y reflexivos.<\/p>\n<p>[\/vc_column_text][vc_empty_space][\/vc_column_inner][\/vc_row_inner][vc_empty_space][vc_row_inner row_type=\u00bbrow\u00bb type=\u00bbgrid\u00bb text_align=\u00bbleft\u00bb css_animation=\u00bb\u00bb][vc_column_inner width=\u00bb1\/6&#8243;][\/vc_column_inner][vc_column_inner width=\u00bb1\/3&#8243;][vc_single_image image=\u00bb2558&#8243; img_size=\u00bbfull\u00bb alignment=\u00bbcenter\u00bb qode_css_animation=\u00bb\u00bb][vc_empty_space][vc_column_text]<\/p>\n<p style=\"text-align: center;\"><strong>Transformadores sociales<\/strong>, sensibles y comprometidos con la sostenibilidad del planeta, con esp\u00edritu cr\u00edtico y \u00e9tico, proactivos e inclusivos.<\/p>\n<p>[\/vc_column_text][vc_empty_space][\/vc_column_inner][vc_column_inner width=\u00bb1\/3&#8243;][vc_single_image image=\u00bb2557&#8243; img_size=\u00bbfull\u00bb alignment=\u00bbcenter\u00bb qode_css_animation=\u00bb\u00bb][vc_empty_space][vc_column_text]<\/p>\n<p style=\"text-align: center;\"><strong>Creyentes teresianos<\/strong>, cultivamos nuestra interioridad, estamos abiertos a la trascendencia y a la relaci\u00f3n con Dios, en b\u00fasqueda vocacional y con valores teresianos. Nos sentimos familia teresiana y celebramos la fe.<\/p>\n<p>[\/vc_column_text][vc_empty_space][\/vc_column_inner][vc_column_inner width=\u00bb1\/6&#8243;][\/vc_column_inner][\/vc_row_inner][vc_empty_space height=\u00bb90px\u00bb][\/vc_column][\/vc_row][vc_row css_animation=\u00bb\u00bb row_type=\u00bbrow\u00bb use_row_as_full_screen_section=\u00bbno\u00bb type=\u00bbgrid\u00bb angled_section=\u00bbno\u00bb text_align=\u00bbleft\u00bb background_image_as_pattern=\u00bbwithout_pattern\u00bb css=\u00bb.vc_custom_1673351520889{background-image: url(https:\/\/tarragona.escolateresiana.com\/wp-content\/uploads\/2022\/05\/SLIDE-SIN.png?id=493) !important;background-position: center !important;background-repeat: no-repeat !important;background-size: contain !important;}\u00bb z_index=\u00bb\u00bb padding_top=\u00bb80&#8243; padding_bottom=\u00bb80&#8243;][vc_column][vc_empty_space]<div class='testimonials_c_holder clearfix dark'><div class=\"testimonials_c testimonials_c_carousel\" data-show-navigation=\"yes\" data-animation-speed=\"\" data-auto-rotate-slides=\"5\" data-number-per-slide=\"1\"><ul class=\"slides\"><li id=\"testimonials-c-3224\" class=\"testimonial_content\"><div class=\"testimonial_content_inner\"><div class=\"testimonial_image_holder\"><img decoding=\"async\" src=\"https:\/\/tarragona.escolateresiana.com\/wp-content\/uploads\/2023\/06\/ivan.png\" \/><\/div><div class=\"testimonial_text_holder\"><div class=\"testimonial_text_inner\" style=\"\"><p>Empec\u00e9 en esa escuela con 3 a\u00f1os y hasta los 18 ha sido una segunda casa para m\u00ed. He crecido en conocimientos y valores, acompa\u00f1ado en todo momento de profesores y profesoras muy implicados en su trabajo y cercanos a sus alumnos. Tambi\u00e9n he hecho grandes amigos de por vida.\r\n\u00a1Sin duda es la mejor escuela que mis padres han podido escoger para m\u00ed!<\/p><p class=\"testimonial_author\" style=\"\">IVAN CASADO GARC\u00cdA<\/p><\/div><\/div><\/div><\/li><li id=\"testimonials-c-3200\" class=\"testimonial_content\"><div class=\"testimonial_content_inner\"><div class=\"testimonial_image_holder\"><img decoding=\"async\" src=\"https:\/\/tarragona.escolateresiana.com\/wp-content\/uploads\/2023\/06\/cinta.png\" \/><\/div><div class=\"testimonial_text_holder\"><div class=\"testimonial_text_inner\" style=\"\"><p>Mi relaci\u00f3n con las Teresianas empez\u00f3 cuando ten\u00eda 3 a\u00f1os y toda mi vida he estado vinculada a ellas: primero como alumna, despu\u00e9s como maestra, luego como madre y ahora como abuela.\r\nTengo muy buenos recuerdos y los valores que me transmitieron han hecho que hoy sea quien soy: como maestra me quedo con la dedicaci\u00f3n y aprecio a los alumnos; como madre estoy content\u00edsima de que mis hijos recibieran esta educaci\u00f3n en valores; y como abuela es un gozo ir a mi colegio a buscar a mis nietos y reencontrarme con el profesorado, las familias, los alumnos y poder seguir disfrutando de lo que ocurre en la escuela.<\/p><p class=\"testimonial_author\" style=\"\">Ma CINTA ALTADILL ARDIT<\/p><\/div><\/div><\/div><\/li><li id=\"testimonials-c-3295\" class=\"testimonial_content\"><div class=\"testimonial_content_inner\"><div class=\"testimonial_image_holder\"><img decoding=\"async\" src=\"https:\/\/tarragona.escolateresiana.com\/wp-content\/uploads\/2023\/06\/raquel.png\" \/><\/div><div class=\"testimonial_text_holder\"><div class=\"testimonial_text_inner\" style=\"\"><p>Estudi\u00e9 en las Teresianas desde I3 hasta 2\u00ba de Bachillerato. En cada etapa me encontr\u00e9 con maestros, profesores y profesoras que dejaron huella en m\u00ed. Aprend\u00ed muchas cosas y adquir\u00ed unos valores que me han servido mucho en la vida, como por ejemplo la capacidad de esfuerzo para conseguir lo que se desea. Guardo bonitos recuerdos en la memoria de mi paso por el colegio. Por todo esto he decidido llevar a mi hijo a la misma escuela que me vio crecer y en especial, por la confianza que me da.<\/p><p class=\"testimonial_author\" style=\"\">RAQUEL RAM\u00cdREZ GARC\u00cdA<\/p><\/div><\/div><\/div><\/li><li id=\"testimonials-c-3279\" class=\"testimonial_content\"><div class=\"testimonial_content_inner\"><div class=\"testimonial_image_holder\"><img decoding=\"async\" src=\"https:\/\/tarragona.escolateresiana.com\/wp-content\/uploads\/2023\/01\/MARIA.png\" \/><\/div><div class=\"testimonial_text_holder\"><div class=\"testimonial_text_inner\" style=\"\"><p>Estudiar en las Teresianas desde los 2 a los 17 a\u00f1os me ha servido para sentar unas bases s\u00f3lidas de conocimiento, tanto a nivel acad\u00e9mico como a nivel personal. La escuela me ha ayudado a enfocar mi futuro profesional y me ha ense\u00f1ado una serie de valores que me llevo para siempre.<\/p><p class=\"testimonial_author\" style=\"\">MARIA MART\u00cdNEZ PI\u00d1EIRO<\/p><\/div><\/div><\/div><\/li><\/ul><\/div><\/div>[\/vc_column][\/vc_row]<\/p>\n","protected":false},"excerpt":{"rendered":"<p>[vc_row css_animation=\u00bb\u00bb row_type=\u00bbrow\u00bb use_row_as_full_screen_section=\u00bbno\u00bb type=\u00bbfull_width\u00bb angled_section=\u00bbno\u00bb text_align=\u00bbleft\u00bb background_image_as_pattern=\u00bbwithout_pattern\u00bb][vc_column][qode_elements_holder number_of_columns=\u00bbtwo_columns\u00bb][qode_elements_holder_item vertical_alignment=\u00bbmiddle\u00bb advanced_animations=\u00bbno\u00bb item_padding=\u00bb0px 60px 0px 60px\u00bb][vc_column_text] ALUMNOS PARA EL FUTURO &nbsp; Queremos alumnos felices, capaces de transformar el mundo. Con las metodolog\u00edas, experiencias y espacios que propiciamos, nuestro reto es formar a personas que piensen por&#8230;<\/p>\n","protected":false},"author":1,"featured_media":0,"parent":0,"menu_order":0,"comment_status":"closed","ping_status":"closed","template":"full_width.php","meta":{"_monsterinsights_skip_tracking":false,"_monsterinsights_sitenote_active":false,"_monsterinsights_sitenote_note":"","_monsterinsights_sitenote_category":0,"footnotes":""},"class_list":["post-3114","page","type-page","status-publish","hentry"],"_links":{"self":[{"href":"https:\/\/tarragona.escolateresiana.com\/es\/wp-json\/wp\/v2\/pages\/3114","targetHints":{"allow":["GET"]}}],"collection":[{"href":"https:\/\/tarragona.escolateresiana.com\/es\/wp-json\/wp\/v2\/pages"}],"about":[{"href":"https:\/\/tarragona.escolateresiana.com\/es\/wp-json\/wp\/v2\/types\/page"}],"author":[{"embeddable":true,"href":"https:\/\/tarragona.escolateresiana.com\/es\/wp-json\/wp\/v2\/users\/1"}],"replies":[{"embeddable":true,"href":"https:\/\/tarragona.escolateresiana.com\/es\/wp-json\/wp\/v2\/comments?post=3114"}],"version-history":[{"count":6,"href":"https:\/\/tarragona.escolateresiana.com\/es\/wp-json\/wp\/v2\/pages\/3114\/revisions"}],"predecessor-version":[{"id":3492,"href":"https:\/\/tarragona.escolateresiana.com\/es\/wp-json\/wp\/v2\/pages\/3114\/revisions\/3492"}],"wp:attachment":[{"href":"https:\/\/tarragona.escolateresiana.com\/es\/wp-json\/wp\/v2\/media?parent=3114"}],"curies":[{"name":"wp","href":"https:\/\/api.w.org\/{rel}","templated":true}]}}