{"id":3112,"date":"2022-05-31T14:19:29","date_gmt":"2022-05-31T14:19:29","guid":{"rendered":"https:\/\/tarragona.escolateresiana.com\/educadores\/"},"modified":"2024-03-19T10:01:25","modified_gmt":"2024-03-19T10:01:25","slug":"educadores","status":"publish","type":"page","link":"https:\/\/tarragona.escolateresiana.com\/es\/educadores\/","title":{"rendered":"Educadores"},"content":{"rendered":"<p>[vc_row css_animation=\u00bb\u00bb row_type=\u00bbrow\u00bb use_row_as_full_screen_section=\u00bbno\u00bb type=\u00bbfull_width\u00bb angled_section=\u00bbno\u00bb text_align=\u00bbleft\u00bb background_image_as_pattern=\u00bbwithout_pattern\u00bb][vc_column][qode_elements_holder number_of_columns=\u00bbtwo_columns\u00bb][qode_elements_holder_item advanced_animations=\u00bbno\u00bb][vc_single_image image=\u00bb2813&#8243; img_size=\u00bbfull\u00bb qode_css_animation=\u00bb\u00bb][\/qode_elements_holder_item][qode_elements_holder_item advanced_animations=\u00bbno\u00bb item_padding=\u00bb0px 30px 0px 30px\u00bb background_image=\u00bb704&#8243;][vc_column_text]<\/p>\n<div style=\"background-color: white; margin: 20px; padding: 20px;\">\n<h2>EDUCADORES CON VOCACI\u00d3N<\/h2>\n<p>&nbsp;<\/p>\n<p>Buscamos una continua actualizaci\u00f3n pedag\u00f3gica y carism\u00e1tica. Nuestra prioridad es la persona. Trabajamos por la educaci\u00f3n, la convivencia y el bienestar de cada uno de nuestros alumnos. Somos teresianos.<\/p>\n<\/div>\n<p>[\/vc_column_text][\/qode_elements_holder_item][\/qode_elements_holder][\/vc_column][\/vc_row][vc_row css_animation=\u00bbelement_from_right\u00bb row_type=\u00bbrow\u00bb use_row_as_full_screen_section=\u00bbno\u00bb type=\u00bbfull_width\u00bb angled_section=\u00bbno\u00bb text_align=\u00bbleft\u00bb background_image_as_pattern=\u00bbwithout_pattern\u00bb css=\u00bb.vc_custom_1651569422056{background-color: #ffffff !important;}\u00bb z_index=\u00bb\u00bb][vc_column][vc_empty_space height=\u00bb50px\u00bb][vc_empty_space height=\u00bb50px\u00bb][qode_circles columns=\u00bbfour_columns\u00bb circle_line=\u00bbwith_line\u00bb line_color=\u00bb#45ac34&#8243;][qode_circle type=\u00bbimage_type\u00bb image=\u00bb730&#8243; text=\u00bbImplicados<br \/>\nComprometidos<br \/>\nMotivados\u00bb background_color=\u00bb#45ac34&#8243;][qode_circle type=\u00bbimage_type\u00bb image=\u00bb731&#8243; text=\u00bbProfesionales<br \/>\nReflexivos<br \/>\nExpertos\u00bb background_color=\u00bb#45ac34&#8243;][qode_circle type=\u00bbimage_type\u00bb image=\u00bb732&#8243; text=\u00bbEn constante renovaci\u00f3n<br \/>\nTrabajo en equipo\u00bb background_color=\u00bb#45ac34&#8243;][qode_circle type=\u00bbimage_type\u00bb image=\u00bb733&#8243; text=\u00bbApasionados<br \/>\nPr\u00f3ximos<br \/>\nEmp\u00e1ticos<br \/>\n\u00bb background_color=\u00bb#45ac34&#8243;][\/qode_circles][vc_empty_space][\/vc_column][\/vc_row]<\/p>\n","protected":false},"excerpt":{"rendered":"<p>[vc_row css_animation=\u00bb\u00bb row_type=\u00bbrow\u00bb use_row_as_full_screen_section=\u00bbno\u00bb type=\u00bbfull_width\u00bb angled_section=\u00bbno\u00bb text_align=\u00bbleft\u00bb background_image_as_pattern=\u00bbwithout_pattern\u00bb][vc_column][qode_elements_holder number_of_columns=\u00bbtwo_columns\u00bb][qode_elements_holder_item advanced_animations=\u00bbno\u00bb][vc_single_image image=\u00bb2813&#8243; img_size=\u00bbfull\u00bb qode_css_animation=\u00bb\u00bb][\/qode_elements_holder_item][qode_elements_holder_item advanced_animations=\u00bbno\u00bb item_padding=\u00bb0px 30px 0px 30px\u00bb background_image=\u00bb704&#8243;][vc_column_text] EDUCADORES CON VOCACI\u00d3N &nbsp; Buscamos una continua actualizaci\u00f3n pedag\u00f3gica y carism\u00e1tica. Nuestra prioridad es la persona. Trabajamos por la educaci\u00f3n, la convivencia y el bienestar de&#8230;<\/p>\n","protected":false},"author":1,"featured_media":0,"parent":0,"menu_order":0,"comment_status":"closed","ping_status":"closed","template":"full_width.php","meta":{"_monsterinsights_skip_tracking":false,"_monsterinsights_sitenote_active":false,"_monsterinsights_sitenote_note":"","_monsterinsights_sitenote_category":0,"footnotes":""},"class_list":["post-3112","page","type-page","status-publish","hentry"],"_links":{"self":[{"href":"https:\/\/tarragona.escolateresiana.com\/es\/wp-json\/wp\/v2\/pages\/3112","targetHints":{"allow":["GET"]}}],"collection":[{"href":"https:\/\/tarragona.escolateresiana.com\/es\/wp-json\/wp\/v2\/pages"}],"about":[{"href":"https:\/\/tarragona.escolateresiana.com\/es\/wp-json\/wp\/v2\/types\/page"}],"author":[{"embeddable":true,"href":"https:\/\/tarragona.escolateresiana.com\/es\/wp-json\/wp\/v2\/users\/1"}],"replies":[{"embeddable":true,"href":"https:\/\/tarragona.escolateresiana.com\/es\/wp-json\/wp\/v2\/comments?post=3112"}],"version-history":[{"count":4,"href":"https:\/\/tarragona.escolateresiana.com\/es\/wp-json\/wp\/v2\/pages\/3112\/revisions"}],"predecessor-version":[{"id":3129,"href":"https:\/\/tarragona.escolateresiana.com\/es\/wp-json\/wp\/v2\/pages\/3112\/revisions\/3129"}],"wp:attachment":[{"href":"https:\/\/tarragona.escolateresiana.com\/es\/wp-json\/wp\/v2\/media?parent=3112"}],"curies":[{"name":"wp","href":"https:\/\/api.w.org\/{rel}","templated":true}]}}