{"id":3110,"date":"2022-06-01T10:38:40","date_gmt":"2022-06-01T10:38:40","guid":{"rendered":"https:\/\/tarragona.escolateresiana.com\/atencion-a-la-diversidad\/"},"modified":"2024-03-20T09:15:50","modified_gmt":"2024-03-20T09:15:50","slug":"atencion-a-la-diversidad","status":"publish","type":"page","link":"https:\/\/tarragona.escolateresiana.com\/es\/atencion-a-la-diversidad\/","title":{"rendered":"Atenci\u00f3n a la diversidad"},"content":{"rendered":"<p>[vc_row css_animation=\u00bb\u00bb row_type=\u00bbrow\u00bb use_row_as_full_screen_section=\u00bbno\u00bb type=\u00bbfull_width\u00bb angled_section=\u00bbno\u00bb text_align=\u00bbleft\u00bb background_image_as_pattern=\u00bbwithout_pattern\u00bb][vc_column][qode_elements_holder number_of_columns=\u00bbtwo_columns\u00bb][qode_elements_holder_item cover=\u00bbyes\u00bb advanced_animations=\u00bbno\u00bb item_padding=\u00bb0px 50px 0px 50px\u00bb background_image=\u00bb704&#8243; background_color=\u00bbrgba(255,255,255,0.71)\u00bb][vc_column_text]<\/p>\n<h3><strong><span style=\"color: #23406a;\">LA DIVERSIDAD ES RIQUEZA<\/span><br \/>\n<\/strong><\/h3>\n<p>[\/vc_column_text][vc_column_text]La diversidad es una caracter\u00edstica intr\u00ednseca del ser humano. Cada persona tiene una forma diferente de pensar, sentir y actuar. Esto, ligado a diferentes capacidades, necesidades, intereses y ritmos de maduraci\u00f3n, nos abre un amplio abanico de situaciones a atender.[\/vc_column_text][vc_empty_space][vc_column_text]<\/p>\n<h3><span style=\"color: #23406a;\"><strong>LA PERSONA<\/strong><\/span><\/h3>\n<p>[\/vc_column_text][vc_column_text]Cada persona es distinta independientemente de las caracter\u00edsticas personales, socioecon\u00f3micas o culturales. Acompa\u00f1amos al alumnado para que pueda aprender junto en su entorno, favoreciendo la inclusi\u00f3n y educando a personas tolerantes, respetuosas y emp\u00e1ticas.[\/vc_column_text][\/qode_elements_holder_item][qode_elements_holder_item advanced_animations=\u00bbno\u00bb][vc_single_image image=\u00bb2839&#8243; img_size=\u00bbfull\u00bb qode_css_animation=\u00bb\u00bb][\/qode_elements_holder_item][\/qode_elements_holder][\/vc_column][\/vc_row][vc_row css_animation=\u00bb\u00bb row_type=\u00bbrow\u00bb use_row_as_full_screen_section=\u00bbno\u00bb type=\u00bbgrid\u00bb angled_section=\u00bbno\u00bb text_align=\u00bbleft\u00bb background_image_as_pattern=\u00bbwithout_pattern\u00bb z_index=\u00bb\u00bb padding_top=\u00bb60&#8243; padding_bottom=\u00bb60&#8243; css=\u00bb.vc_custom_1669019468561{background-color: #ffffff !important;}\u00bb][vc_column css_animation=\u00bbfadeIn\u00bb][vc_column_text]<\/p>\n<h3><span style=\"color: #23406a;\"><strong>LA INCLUSI\u00d3N<\/strong><\/span><\/h3>\n<p>[\/vc_column_text][vc_column_text]Nuestro reto es identificar y eliminar todas las barreras que impiden el acceso a la educaci\u00f3n y por eso trabajamos todos los \u00e1mbitos para hacerlo posible, adaptando la intervenci\u00f3n educativa a sus necesidades.[\/vc_column_text][vc_empty_space][\/vc_column][\/vc_row][vc_row css_animation=\u00bb\u00bb row_type=\u00bbrow\u00bb use_row_as_full_screen_section=\u00bbno\u00bb type=\u00bbgrid\u00bb angled_section=\u00bbno\u00bb text_align=\u00bbleft\u00bb background_image_as_pattern=\u00bbwithout_pattern\u00bb z_index=\u00bb\u00bb][vc_column][vc_empty_space][vc_column_text]El centro dispone de los siguientes recursos para dar respuesta al aprendizaje personalizado. [\/vc_column_text][vc_empty_space][\/vc_column][\/vc_row][vc_row css_animation=\u00bb\u00bb row_type=\u00bbrow\u00bb use_row_as_full_screen_section=\u00bbno\u00bb type=\u00bbgrid\u00bb angled_section=\u00bbno\u00bb text_align=\u00bbleft\u00bb background_image_as_pattern=\u00bbwithout_pattern\u00bb z_index=\u00bb\u00bb padding_top=\u00bb60&#8243; padding_bottom=\u00bb60&#8243;][vc_column css_animation=\u00bbfadeInDown\u00bb width=\u00bb1\/3&#8243;]<div class=\"q_box_holder with_icon\" style=\"background-color: #ffffff;\"><div class=\"box_holder_icon\"><div class=\"box_holder_icon_inner large image \" style=\"\"><img decoding=\"async\" itemprop=\"image\" style=\"\" src=\"https:\/\/tarragona.escolateresiana.com\/wp-content\/uploads\/2022\/06\/2439655-150x150-1.png\" alt=\"\"><\/div><\/div><div class=\"box_holder_inner large center\"><h4 class=\"icon_title\" style=\"color: #45ac34;\">Equipo de Orientaci\u00f3n<\/h4><span class=\"separator transparent\" style=\"margin: 8px 0;\"><\/span><p style=\"\"><\/p><\/div><\/div>[\/vc_column][vc_column css_animation=\u00bbfadeInDown\u00bb width=\u00bb1\/3&#8243;]<div class=\"q_box_holder with_icon\" style=\"background-color: #ffffff;\"><div class=\"box_holder_icon\"><div class=\"box_holder_icon_inner large image \" style=\"\"><img decoding=\"async\" itemprop=\"image\" style=\"\" src=\"https:\/\/tarragona.escolateresiana.com\/wp-content\/uploads\/2022\/11\/1-1.png\" alt=\"\"><\/div><\/div><div class=\"box_holder_inner large center\"><h4 class=\"icon_title\" style=\"color: #45ac34;\">Servicio psicopedag\u00f3gico<\/h4><span class=\"separator transparent\" style=\"margin: 8px 0;\"><\/span><p style=\"\"><\/p><\/div><\/div>[\/vc_column][vc_column css_animation=\u00bbfadeInDown\u00bb width=\u00bb1\/3&#8243;]<div class=\"q_box_holder with_icon\" style=\"background-color: #ffffff;\"><div class=\"box_holder_icon\"><div class=\"box_holder_icon_inner large image \" style=\"\"><img decoding=\"async\" itemprop=\"image\" style=\"\" src=\"https:\/\/tarragona.escolateresiana.com\/wp-content\/uploads\/2022\/11\/4-1.png\" alt=\"\"><\/div><\/div><div class=\"box_holder_inner large center\"><h4 class=\"icon_title\" style=\"color: #45ac34;\">Especialistas de apoyo educativo<\/h4><span class=\"separator transparent\" style=\"margin: 8px 0;\"><\/span><p style=\"\"><\/p><\/div><\/div>[\/vc_column][\/vc_row][vc_row css_animation=\u00bb\u00bb row_type=\u00bbrow\u00bb use_row_as_full_screen_section=\u00bbno\u00bb type=\u00bbgrid\u00bb angled_section=\u00bbno\u00bb text_align=\u00bbleft\u00bb background_image_as_pattern=\u00bbwithout_pattern\u00bb z_index=\u00bb\u00bb padding_top=\u00bb60&#8243; padding_bottom=\u00bb60&#8243;][vc_column css_animation=\u00bbfadeInUp\u00bb width=\u00bb1\/3&#8243;]<div class=\"q_box_holder with_icon\" style=\"background-color: #ffffff;\"><div class=\"box_holder_icon\"><div class=\"box_holder_icon_inner large image \" style=\"\"><img decoding=\"async\" itemprop=\"image\" style=\"\" src=\"https:\/\/tarragona.escolateresiana.com\/wp-content\/uploads\/2022\/06\/1141082-150x150-1.png\" alt=\"\"><\/div><\/div><div class=\"box_holder_inner large center\"><h4 class=\"icon_title\" style=\"color: #45ac34;\">Desdoblamientos<\/h4><span class=\"separator transparent\" style=\"margin: 8px 0;\"><\/span><p style=\"\"><\/p><\/div><\/div>[\/vc_column][vc_column css_animation=\u00bbfadeInUp\u00bb width=\u00bb1\/3&#8243;]<div class=\"q_box_holder with_icon\" style=\"background-color: #ffffff;\"><div class=\"box_holder_icon\"><div class=\"box_holder_icon_inner large image \" style=\"\"><img decoding=\"async\" itemprop=\"image\" style=\"\" src=\"https:\/\/tarragona.escolateresiana.com\/wp-content\/uploads\/2022\/11\/3-1.png\" alt=\"\"><\/div><\/div><div class=\"box_holder_inner large center\"><h4 class=\"icon_title\" style=\"color: #45ac34;\">Refuerzo escolar<\/h4><span class=\"separator transparent\" style=\"margin: 8px 0;\"><\/span><p style=\"\"><\/p><\/div><\/div>[\/vc_column][vc_column css_animation=\u00bbfadeInUp\u00bb width=\u00bb1\/3&#8243;]<div class=\"q_box_holder with_icon\" style=\"background-color: #ffffff;\"><div class=\"box_holder_icon\"><div class=\"box_holder_icon_inner large image \" style=\"\"><img decoding=\"async\" itemprop=\"image\" style=\"\" src=\"https:\/\/tarragona.escolateresiana.com\/wp-content\/uploads\/2022\/06\/1141082-150x150-1.png\" alt=\"\"><\/div><\/div><div class=\"box_holder_inner large center\"><h4 class=\"icon_title\" style=\"color: #45ac34;\">Apoyo educativo personalizado (SEP)<\/h4><span class=\"separator transparent\" style=\"margin: 8px 0;\"><\/span><p style=\"\"><\/p><\/div><\/div>[\/vc_column][\/vc_row][vc_row css_animation=\u00bb\u00bb row_type=\u00bbrow\u00bb use_row_as_full_screen_section=\u00bbno\u00bb type=\u00bbgrid\u00bb angled_section=\u00bbno\u00bb text_align=\u00bbleft\u00bb background_image_as_pattern=\u00bbwithout_pattern\u00bb z_index=\u00bb\u00bb padding_top=\u00bb60&#8243; padding_bottom=\u00bb60&#8243;][vc_column css_animation=\u00bbfadeInUp\u00bb width=\u00bb1\/6&#8243;][\/vc_column][vc_column css_animation=\u00bbfadeInUp\u00bb width=\u00bb1\/3&#8243;]<div class=\"q_box_holder with_icon\" style=\"background-color: #ffffff;\"><div class=\"box_holder_icon\"><div class=\"box_holder_icon_inner large image \" style=\"\"><img decoding=\"async\" itemprop=\"image\" style=\"\" src=\"https:\/\/tarragona.escolateresiana.com\/wp-content\/uploads\/2022\/11\/2-1.png\" alt=\"\"><\/div><\/div><div class=\"box_holder_inner large center\"><h4 class=\"icon_title\" style=\"color: #45ac34;\">SIEI<\/h4><span class=\"separator transparent\" style=\"margin: 8px 0;\"><\/span><p style=\"\"><\/p><\/div><\/div>[\/vc_column][vc_column css_animation=\u00bbfadeInUp\u00bb width=\u00bb1\/3&#8243;]<div class=\"q_box_holder with_icon\" style=\"background-color: #ffffff;\"><div class=\"box_holder_icon\"><div class=\"box_holder_icon_inner large image \" style=\"\"><img decoding=\"async\" itemprop=\"image\" style=\"\" src=\"https:\/\/tarragona.escolateresiana.com\/wp-content\/uploads\/2022\/11\/3-1.png\" alt=\"\"><\/div><\/div><div class=\"box_holder_inner large center\"><h4 class=\"icon_title\" style=\"color: #45ac34;\">Colaboraci\u00f3n con recursos externos<\/h4><span class=\"separator transparent\" style=\"margin: 8px 0;\"><\/span><p style=\"\"><\/p><\/div><\/div>[\/vc_column][vc_column width=\u00bb1\/6&#8243;][\/vc_column][\/vc_row][vc_row css_animation=\u00bb\u00bb row_type=\u00bbrow\u00bb use_row_as_full_screen_section=\u00bbno\u00bb type=\u00bbfull_width\u00bb angled_section=\u00bbno\u00bb text_align=\u00bbleft\u00bb background_image_as_pattern=\u00bbwithout_pattern\u00bb][vc_column][vc_gallery type=\u00bbimage_grid\u00bb images=\u00bb3034,3035,3036,3037&#8243; img_size=\u00bbfull\u00bb column_number=\u00bb4&#8243; grayscale=\u00bbno\u00bb images_space=\u00bbgallery_without_space\u00bb][\/vc_column][\/vc_row]<\/p>\n","protected":false},"excerpt":{"rendered":"<p>[vc_row css_animation=\u00bb\u00bb row_type=\u00bbrow\u00bb use_row_as_full_screen_section=\u00bbno\u00bb type=\u00bbfull_width\u00bb angled_section=\u00bbno\u00bb text_align=\u00bbleft\u00bb background_image_as_pattern=\u00bbwithout_pattern\u00bb][vc_column][qode_elements_holder number_of_columns=\u00bbtwo_columns\u00bb][qode_elements_holder_item cover=\u00bbyes\u00bb advanced_animations=\u00bbno\u00bb item_padding=\u00bb0px 50px 0px 50px\u00bb background_image=\u00bb704&#8243; background_color=\u00bbrgba(255,255,255,0.71)\u00bb][vc_column_text] LA DIVERSIDAD ES RIQUEZA [\/vc_column_text][vc_column_text]La diversidad es una caracter\u00edstica intr\u00ednseca del ser humano. Cada persona tiene una forma diferente de pensar, sentir y actuar. Esto, ligado a diferentes&#8230;<\/p>\n","protected":false},"author":1,"featured_media":0,"parent":0,"menu_order":0,"comment_status":"closed","ping_status":"closed","template":"full_width.php","meta":{"_monsterinsights_skip_tracking":false,"_monsterinsights_sitenote_active":false,"_monsterinsights_sitenote_note":"","_monsterinsights_sitenote_category":0,"footnotes":""},"class_list":["post-3110","page","type-page","status-publish","hentry"],"_links":{"self":[{"href":"https:\/\/tarragona.escolateresiana.com\/es\/wp-json\/wp\/v2\/pages\/3110","targetHints":{"allow":["GET"]}}],"collection":[{"href":"https:\/\/tarragona.escolateresiana.com\/es\/wp-json\/wp\/v2\/pages"}],"about":[{"href":"https:\/\/tarragona.escolateresiana.com\/es\/wp-json\/wp\/v2\/types\/page"}],"author":[{"embeddable":true,"href":"https:\/\/tarragona.escolateresiana.com\/es\/wp-json\/wp\/v2\/users\/1"}],"replies":[{"embeddable":true,"href":"https:\/\/tarragona.escolateresiana.com\/es\/wp-json\/wp\/v2\/comments?post=3110"}],"version-history":[{"count":5,"href":"https:\/\/tarragona.escolateresiana.com\/es\/wp-json\/wp\/v2\/pages\/3110\/revisions"}],"predecessor-version":[{"id":3523,"href":"https:\/\/tarragona.escolateresiana.com\/es\/wp-json\/wp\/v2\/pages\/3110\/revisions\/3523"}],"wp:attachment":[{"href":"https:\/\/tarragona.escolateresiana.com\/es\/wp-json\/wp\/v2\/media?parent=3110"}],"curies":[{"name":"wp","href":"https:\/\/api.w.org\/{rel}","templated":true}]}}